{"id":9,"date":"2015-08-21T16:24:35","date_gmt":"2015-08-21T13:24:35","guid":{"rendered":"http:\/\/emicomedika.com\/?page_id=9"},"modified":"2024-03-22T17:19:51","modified_gmt":"2024-03-22T14:19:51","slug":"about-emico","status":"publish","type":"page","link":"https:\/\/emicomedika.com\/it\/about-emico\/","title":{"rendered":"Azienda Emico Medika"},"content":{"rendered":"<p>Emico Medika \u00e8 un&#8217;azienda di servizi innovativa specializzata nell&#8217;assistenza chiavi in mano e nel supporto tecnico per risonanze magnetiche e tomografi computerizzati. Fondata nel 2015, Emico Medika ha rapidamente guadagnato la fiducia dei clienti grazie al suo professionalismo e all&#8217;attenzione ai dettagli.<\/p>\n<p>Le principali direzioni di Emico Medika &#8211; CryoMobile (fornisce il trasporto a zero evaporazione delle risonanze magnetiche fredde), lavori criogenici completi per RM (de-icing del magnete, sostituzione e riparazione di testa fredda, adsorbitore, compressore e linee di elio, riempimenti di elio e cos\u00ec via), progetti chiavi in mano per RM e TAC, progettazione e sviluppo di gabbie Faraday, magazzino con pezzi di ricambio e componenti per RM e TAC, attrezzature speciali per de-icing, software per conservazione delle risonanze magnetiche nei magazzini. Emico Medika offre una vasta gamma di servizi, dalla manutenzione tecnica regolare alle riparazioni d&#8217;emergenza. <\/p>\n<p>Ogni cliente pu\u00f2 contare su una risposta tempestiva e una soluzione professionale a qualsiasi problema dell&#8217;attrezzatura. <\/p>\n<p>L&#8217;azienda implementa attivamente sistemi di monitoraggio e diagnostica per prevenire i guasti prima che si verifichino, aumentando l&#8217;efficienza delle istituzioni mediche e garantendo la continuit\u00e0 delle procedure diagnostiche. Grazie alla responsabilit\u00e0, all&#8217;approccio innovativo e alla mentalit\u00e0 fuori dagli schemi di Emico Medika, \u00e8 diventata un partner ricercato per le istituzioni mediche, contribuendo allo sviluppo del settore diagnostico a livello mondiale.<\/p>","protected":false},"excerpt":{"rendered":"<p>Emico Medika \u00e8 un&#8217;azienda di servizi innovativa specializzata nell&#8217;assistenza chiavi in mano e nel supporto tecnico per risonanze magnetiche e tomografi computerizzati. Fondata nel 2015, Emico Medika ha rapidamente guadagnato la fiducia dei clienti grazie al suo professionalismo e all&#8217;attenzione ai dettagli. Le principali direzioni di Emico Medika &#8211; CryoMobile (fornisce il trasporto a zero &hellip; <a href=\"https:\/\/emicomedika.com\/it\/about-emico\/\" class=\"more-link\">Continue reading <span class=\"screen-reader-text\">Azienda Emico Medika<\/span><\/a><\/p>\n","protected":false},"author":1,"featured_media":0,"parent":0,"menu_order":0,"comment_status":"closed","ping_status":"closed","template":"","meta":{"ngg_post_thumbnail":0},"yoast_head":"<!-- This site is optimized with the Yoast SEO plugin v20.10 - https:\/\/yoast.com\/wordpress\/plugins\/seo\/ -->\n<title>Azienda Emico Medika | EMICO Medika | Servizio di attrezzature mediche<\/title>\n<meta name=\"robots\" content=\"index, follow, max-snippet:-1, max-image-preview:large, max-video-preview:-1\" \/>\n<link rel=\"canonical\" href=\"https:\/\/emicomedika.com\/en\/about-emico\/\" \/>\n<meta property=\"og:locale\" content=\"it_IT\" \/>\n<meta property=\"og:type\" content=\"article\" \/>\n<meta property=\"og:title\" content=\"Azienda Emico Medika | EMICO Medika | Servizio di attrezzature mediche\" \/>\n<meta property=\"og:description\" content=\"Emico Medika \u00e8 un&#8217;azienda di servizi innovativa specializzata nell&#8217;assistenza chiavi in mano e nel supporto tecnico per risonanze magnetiche e tomografi computerizzati. Fondata nel 2015, Emico Medika ha rapidamente guadagnato la fiducia dei clienti grazie al suo professionalismo e all&#8217;attenzione ai dettagli. Le principali direzioni di Emico Medika &#8211; CryoMobile (fornisce il trasporto a zero &hellip; Continue reading Azienda Emico Medika\" \/>\n<meta property=\"og:url\" content=\"https:\/\/emicomedika.com\/en\/about-emico\/\" \/>\n<meta property=\"og:site_name\" content=\"EMICO Medika | Servizio di attrezzature mediche\" \/>\n<meta property=\"article:publisher\" content=\"https:\/\/www.facebook.com\/emicomedika\/\" \/>\n<meta property=\"article:modified_time\" content=\"2024-03-22T14:19:51+00:00\" \/>\n<meta name=\"twitter:card\" content=\"summary_large_image\" \/>\n<meta name=\"twitter:label1\" content=\"Tempo di lettura stimato\" \/>\n\t<meta name=\"twitter:data1\" content=\"5 minuti\" \/>\n<script type=\"application\/ld+json\" class=\"yoast-schema-graph\">{\"@context\":\"https:\/\/schema.org\",\"@graph\":[{\"@type\":\"WebPage\",\"@id\":\"https:\/\/emicomedika.com\/en\/about-emico\/\",\"url\":\"https:\/\/emicomedika.com\/en\/about-emico\/\",\"name\":\"Azienda Emico Medika | EMICO Medika | Servizio di attrezzature mediche\",\"isPartOf\":{\"@id\":\"https:\/\/emicomedika.com\/en\/#website\"},\"datePublished\":\"2015-08-21T13:24:35+00:00\",\"dateModified\":\"2024-03-22T14:19:51+00:00\",\"breadcrumb\":{\"@id\":\"https:\/\/emicomedika.com\/en\/about-emico\/#breadcrumb\"},\"inLanguage\":\"it-IT\",\"potentialAction\":[{\"@type\":\"ReadAction\",\"target\":[\"https:\/\/emicomedika.com\/en\/about-emico\/\"]}]},{\"@type\":\"BreadcrumbList\",\"@id\":\"https:\/\/emicomedika.com\/en\/about-emico\/#breadcrumb\",\"itemListElement\":[{\"@type\":\"ListItem\",\"position\":1,\"name\":\"Home\",\"item\":\"https:\/\/emicomedika.com\/en\/\"},{\"@type\":\"ListItem\",\"position\":2,\"name\":\"About Emico Medika\"}]},{\"@type\":\"WebSite\",\"@id\":\"https:\/\/emicomedika.com\/en\/#website\",\"url\":\"https:\/\/emicomedika.com\/en\/\",\"name\":\"EmicoMedika\",\"description\":\"Assistenza, vendita e riparazione - MRI, CT, XP\",\"publisher\":{\"@id\":\"https:\/\/emicomedika.com\/en\/#organization\"},\"potentialAction\":[{\"@type\":\"SearchAction\",\"target\":{\"@type\":\"EntryPoint\",\"urlTemplate\":\"https:\/\/emicomedika.com\/en\/?s={search_term_string}\"},\"query-input\":\"required name=search_term_string\"}],\"inLanguage\":\"it-IT\"},{\"@type\":\"Organization\",\"@id\":\"https:\/\/emicomedika.com\/en\/#organization\",\"name\":\"EmicoMedika\",\"url\":\"https:\/\/emicomedika.com\/en\/\",\"logo\":{\"@type\":\"ImageObject\",\"inLanguage\":\"it-IT\",\"@id\":\"https:\/\/emicomedika.com\/en\/#\/schema\/logo\/image\/\",\"url\":\"https:\/\/emicomedika.com\/wp-content\/uploads\/2015\/08\/Logo_EM_2784_1320.png\",\"contentUrl\":\"https:\/\/emicomedika.com\/wp-content\/uploads\/2015\/08\/Logo_EM_2784_1320.png\",\"width\":2784,\"height\":1320,\"caption\":\"EmicoMedika\"},\"image\":{\"@id\":\"https:\/\/emicomedika.com\/en\/#\/schema\/logo\/image\/\"},\"sameAs\":[\"https:\/\/www.facebook.com\/emicomedika\/\"]}]}<\/script>\n<!-- \/ Yoast SEO plugin. -->","yoast_head_json":{"title":"Azienda Emico Medika | EMICO Medika | Servizio di attrezzature mediche","robots":{"index":"index","follow":"follow","max-snippet":"max-snippet:-1","max-image-preview":"max-image-preview:large","max-video-preview":"max-video-preview:-1"},"canonical":"https:\/\/emicomedika.com\/en\/about-emico\/","og_locale":"it_IT","og_type":"article","og_title":"Azienda Emico Medika | EMICO Medika | Servizio di attrezzature mediche","og_description":"Emico Medika \u00e8 un&#8217;azienda di servizi innovativa specializzata nell&#8217;assistenza chiavi in mano e nel supporto tecnico per risonanze magnetiche e tomografi computerizzati. Fondata nel 2015, Emico Medika ha rapidamente guadagnato la fiducia dei clienti grazie al suo professionalismo e all&#8217;attenzione ai dettagli. Le principali direzioni di Emico Medika &#8211; CryoMobile (fornisce il trasporto a zero &hellip; Continue reading Azienda Emico Medika","og_url":"https:\/\/emicomedika.com\/en\/about-emico\/","og_site_name":"EMICO Medika | Servizio di attrezzature mediche","article_publisher":"https:\/\/www.facebook.com\/emicomedika\/","article_modified_time":"2024-03-22T14:19:51+00:00","twitter_card":"summary_large_image","twitter_misc":{"Tempo di lettura stimato":"5 minuti"},"schema":{"@context":"https:\/\/schema.org","@graph":[{"@type":"WebPage","@id":"https:\/\/emicomedika.com\/en\/about-emico\/","url":"https:\/\/emicomedika.com\/en\/about-emico\/","name":"Azienda Emico Medika | EMICO Medika | Servizio di attrezzature mediche","isPartOf":{"@id":"https:\/\/emicomedika.com\/en\/#website"},"datePublished":"2015-08-21T13:24:35+00:00","dateModified":"2024-03-22T14:19:51+00:00","breadcrumb":{"@id":"https:\/\/emicomedika.com\/en\/about-emico\/#breadcrumb"},"inLanguage":"it-IT","potentialAction":[{"@type":"ReadAction","target":["https:\/\/emicomedika.com\/en\/about-emico\/"]}]},{"@type":"BreadcrumbList","@id":"https:\/\/emicomedika.com\/en\/about-emico\/#breadcrumb","itemListElement":[{"@type":"ListItem","position":1,"name":"Home","item":"https:\/\/emicomedika.com\/en\/"},{"@type":"ListItem","position":2,"name":"About Emico Medika"}]},{"@type":"WebSite","@id":"https:\/\/emicomedika.com\/en\/#website","url":"https:\/\/emicomedika.com\/en\/","name":"EmicoMedika","description":"Assistenza, vendita e riparazione - MRI, CT, XP","publisher":{"@id":"https:\/\/emicomedika.com\/en\/#organization"},"potentialAction":[{"@type":"SearchAction","target":{"@type":"EntryPoint","urlTemplate":"https:\/\/emicomedika.com\/en\/?s={search_term_string}"},"query-input":"required name=search_term_string"}],"inLanguage":"it-IT"},{"@type":"Organization","@id":"https:\/\/emicomedika.com\/en\/#organization","name":"EmicoMedika","url":"https:\/\/emicomedika.com\/en\/","logo":{"@type":"ImageObject","inLanguage":"it-IT","@id":"https:\/\/emicomedika.com\/en\/#\/schema\/logo\/image\/","url":"https:\/\/emicomedika.com\/wp-content\/uploads\/2015\/08\/Logo_EM_2784_1320.png","contentUrl":"https:\/\/emicomedika.com\/wp-content\/uploads\/2015\/08\/Logo_EM_2784_1320.png","width":2784,"height":1320,"caption":"EmicoMedika"},"image":{"@id":"https:\/\/emicomedika.com\/en\/#\/schema\/logo\/image\/"},"sameAs":["https:\/\/www.facebook.com\/emicomedika\/"]}]}},"_links":{"self":[{"href":"https:\/\/emicomedika.com\/it\/wp-json\/wp\/v2\/pages\/9"}],"collection":[{"href":"https:\/\/emicomedika.com\/it\/wp-json\/wp\/v2\/pages"}],"about":[{"href":"https:\/\/emicomedika.com\/it\/wp-json\/wp\/v2\/types\/page"}],"author":[{"embeddable":true,"href":"https:\/\/emicomedika.com\/it\/wp-json\/wp\/v2\/users\/1"}],"replies":[{"embeddable":true,"href":"https:\/\/emicomedika.com\/it\/wp-json\/wp\/v2\/comments?post=9"}],"version-history":[{"count":9,"href":"https:\/\/emicomedika.com\/it\/wp-json\/wp\/v2\/pages\/9\/revisions"}],"predecessor-version":[{"id":1917,"href":"https:\/\/emicomedika.com\/it\/wp-json\/wp\/v2\/pages\/9\/revisions\/1917"}],"wp:attachment":[{"href":"https:\/\/emicomedika.com\/it\/wp-json\/wp\/v2\/media?parent=9"}],"curies":[{"name":"wp","href":"https:\/\/api.w.org\/{rel}","templated":true}]}}