{"id":13,"date":"2015-08-21T16:25:05","date_gmt":"2015-08-21T13:25:05","guid":{"rendered":"http:\/\/emicomedika.com\/?page_id=13"},"modified":"2019-06-17T18:33:01","modified_gmt":"2019-06-17T15:33:01","slug":"news-updates","status":"publish","type":"page","link":"https:\/\/emicomedika.com\/lt\/news-updates\/","title":{"rendered":"Naujienos"},"content":{"rendered":"<p class=\"qtranxs-available-languages-message qtranxs-available-languages-message-lt\">Example: Sorry, this entry is only available in <a href=\"https:\/\/emicomedika.com\/en\/wp-json\/wp\/v2\/pages\/13\" class=\"qtranxs-available-language-link qtranxs-available-language-link-en\" title=\"English\">Jungtini\u0173 Valstij\u0173 Angl\u0173<\/a>, <a href=\"https:\/\/emicomedika.com\/ru\/wp-json\/wp\/v2\/pages\/13\" class=\"qtranxs-available-language-link qtranxs-available-language-link-ru\" title=\"\u0420\u0443\u0441\u0441\u043a\u0438\u0439\">Rus\u0173<\/a>, <a href=\"https:\/\/emicomedika.com\/pl\/wp-json\/wp\/v2\/pages\/13\" class=\"qtranxs-available-language-link qtranxs-available-language-link-pl\" title=\"Polski\">Lenk\u0173<\/a> and <a href=\"https:\/\/emicomedika.com\/it\/wp-json\/wp\/v2\/pages\/13\" class=\"qtranxs-available-language-link qtranxs-available-language-link-it\" title=\"Italiano\">Ital\u0173<\/a>.) For the sake of viewer convenience, the content is shown below in this site default language. You may click one of the links to switch the site language to another available language.<\/p><p>News News<\/p>","protected":false},"excerpt":{"rendered":"<p>Example: Sorry, this entry is only available in Jungtini\u0173 Valstij\u0173 Angl\u0173, Rus\u0173, Lenk\u0173 and Ital\u0173.) For the sake of viewer convenience, the content is shown below in this site default language. You may click one of the links to switch the site language to another available language.News News<\/p>\n","protected":false},"author":1,"featured_media":0,"parent":0,"menu_order":0,"comment_status":"closed","ping_status":"closed","template":"naujienos.php","meta":{"ngg_post_thumbnail":0},"yoast_head":"<!-- This site is optimized with the Yoast SEO plugin v20.10 - https:\/\/yoast.com\/wordpress\/plugins\/seo\/ -->\n<title>Naujienos | EMICO Medika | Medicinos \u012frangos tarnyba<\/title>\n<meta name=\"robots\" content=\"index, follow, max-snippet:-1, max-image-preview:large, max-video-preview:-1\" \/>\n<link rel=\"canonical\" href=\"https:\/\/emicomedika.com\/en\/news-updates\/\" \/>\n<meta property=\"og:locale\" content=\"lt_LT\" \/>\n<meta property=\"og:type\" content=\"article\" \/>\n<meta property=\"og:title\" content=\"Naujienos | EMICO Medika | Medicinos \u012frangos tarnyba\" \/>\n<meta property=\"og:description\" content=\"Example: Sorry, this entry is only available in Jungtini\u0173 Valstij\u0173 Angl\u0173, Rus\u0173, Lenk\u0173 and Ital\u0173.) For the sake of viewer convenience, the content is shown below in this site default language. You may click one of the links to switch the site language to another available language.News News\" \/>\n<meta property=\"og:url\" content=\"https:\/\/emicomedika.com\/en\/news-updates\/\" \/>\n<meta property=\"og:site_name\" content=\"EMICO Medika | Medicinos \u012frangos tarnyba\" \/>\n<meta property=\"article:publisher\" content=\"https:\/\/www.facebook.com\/emicomedika\/\" \/>\n<meta property=\"article:modified_time\" content=\"2019-06-17T15:33:01+00:00\" \/>\n<meta name=\"twitter:card\" content=\"summary_large_image\" \/>\n<script type=\"application\/ld+json\" class=\"yoast-schema-graph\">{\"@context\":\"https:\/\/schema.org\",\"@graph\":[{\"@type\":\"WebPage\",\"@id\":\"https:\/\/emicomedika.com\/en\/news-updates\/\",\"url\":\"https:\/\/emicomedika.com\/en\/news-updates\/\",\"name\":\"Naujienos | EMICO Medika | Medicinos \u012frangos tarnyba\",\"isPartOf\":{\"@id\":\"https:\/\/emicomedika.com\/en\/#website\"},\"datePublished\":\"2015-08-21T13:25:05+00:00\",\"dateModified\":\"2019-06-17T15:33:01+00:00\",\"breadcrumb\":{\"@id\":\"https:\/\/emicomedika.com\/en\/news-updates\/#breadcrumb\"},\"inLanguage\":\"lt-LT\",\"potentialAction\":[{\"@type\":\"ReadAction\",\"target\":[\"https:\/\/emicomedika.com\/en\/news-updates\/\"]}]},{\"@type\":\"BreadcrumbList\",\"@id\":\"https:\/\/emicomedika.com\/en\/news-updates\/#breadcrumb\",\"itemListElement\":[{\"@type\":\"ListItem\",\"position\":1,\"name\":\"Home\",\"item\":\"https:\/\/emicomedika.com\/en\/\"},{\"@type\":\"ListItem\",\"position\":2,\"name\":\"News &#038; updates\"}]},{\"@type\":\"WebSite\",\"@id\":\"https:\/\/emicomedika.com\/en\/#website\",\"url\":\"https:\/\/emicomedika.com\/en\/\",\"name\":\"EmicoMedika\",\"description\":\"Med. \u012frangos aptarnavimas, remontas ir tiekimas\",\"publisher\":{\"@id\":\"https:\/\/emicomedika.com\/en\/#organization\"},\"potentialAction\":[{\"@type\":\"SearchAction\",\"target\":{\"@type\":\"EntryPoint\",\"urlTemplate\":\"https:\/\/emicomedika.com\/en\/?s={search_term_string}\"},\"query-input\":\"required name=search_term_string\"}],\"inLanguage\":\"lt-LT\"},{\"@type\":\"Organization\",\"@id\":\"https:\/\/emicomedika.com\/en\/#organization\",\"name\":\"EmicoMedika\",\"url\":\"https:\/\/emicomedika.com\/en\/\",\"logo\":{\"@type\":\"ImageObject\",\"inLanguage\":\"lt-LT\",\"@id\":\"https:\/\/emicomedika.com\/en\/#\/schema\/logo\/image\/\",\"url\":\"https:\/\/emicomedika.com\/wp-content\/uploads\/2015\/08\/Logo_EM_2784_1320.png\",\"contentUrl\":\"https:\/\/emicomedika.com\/wp-content\/uploads\/2015\/08\/Logo_EM_2784_1320.png\",\"width\":2784,\"height\":1320,\"caption\":\"EmicoMedika\"},\"image\":{\"@id\":\"https:\/\/emicomedika.com\/en\/#\/schema\/logo\/image\/\"},\"sameAs\":[\"https:\/\/www.facebook.com\/emicomedika\/\"]}]}<\/script>\n<!-- \/ Yoast SEO plugin. -->","yoast_head_json":{"title":"Naujienos | EMICO Medika | Medicinos \u012frangos tarnyba","robots":{"index":"index","follow":"follow","max-snippet":"max-snippet:-1","max-image-preview":"max-image-preview:large","max-video-preview":"max-video-preview:-1"},"canonical":"https:\/\/emicomedika.com\/en\/news-updates\/","og_locale":"lt_LT","og_type":"article","og_title":"Naujienos | EMICO Medika | Medicinos \u012frangos tarnyba","og_description":"Example: Sorry, this entry is only available in Jungtini\u0173 Valstij\u0173 Angl\u0173, Rus\u0173, Lenk\u0173 and Ital\u0173.) For the sake of viewer convenience, the content is shown below in this site default language. You may click one of the links to switch the site language to another available language.News News","og_url":"https:\/\/emicomedika.com\/en\/news-updates\/","og_site_name":"EMICO Medika | Medicinos \u012frangos tarnyba","article_publisher":"https:\/\/www.facebook.com\/emicomedika\/","article_modified_time":"2019-06-17T15:33:01+00:00","twitter_card":"summary_large_image","schema":{"@context":"https:\/\/schema.org","@graph":[{"@type":"WebPage","@id":"https:\/\/emicomedika.com\/en\/news-updates\/","url":"https:\/\/emicomedika.com\/en\/news-updates\/","name":"Naujienos | EMICO Medika | Medicinos \u012frangos tarnyba","isPartOf":{"@id":"https:\/\/emicomedika.com\/en\/#website"},"datePublished":"2015-08-21T13:25:05+00:00","dateModified":"2019-06-17T15:33:01+00:00","breadcrumb":{"@id":"https:\/\/emicomedika.com\/en\/news-updates\/#breadcrumb"},"inLanguage":"lt-LT","potentialAction":[{"@type":"ReadAction","target":["https:\/\/emicomedika.com\/en\/news-updates\/"]}]},{"@type":"BreadcrumbList","@id":"https:\/\/emicomedika.com\/en\/news-updates\/#breadcrumb","itemListElement":[{"@type":"ListItem","position":1,"name":"Home","item":"https:\/\/emicomedika.com\/en\/"},{"@type":"ListItem","position":2,"name":"News &#038; updates"}]},{"@type":"WebSite","@id":"https:\/\/emicomedika.com\/en\/#website","url":"https:\/\/emicomedika.com\/en\/","name":"EmicoMedika","description":"Med. \u012frangos aptarnavimas, remontas ir tiekimas","publisher":{"@id":"https:\/\/emicomedika.com\/en\/#organization"},"potentialAction":[{"@type":"SearchAction","target":{"@type":"EntryPoint","urlTemplate":"https:\/\/emicomedika.com\/en\/?s={search_term_string}"},"query-input":"required name=search_term_string"}],"inLanguage":"lt-LT"},{"@type":"Organization","@id":"https:\/\/emicomedika.com\/en\/#organization","name":"EmicoMedika","url":"https:\/\/emicomedika.com\/en\/","logo":{"@type":"ImageObject","inLanguage":"lt-LT","@id":"https:\/\/emicomedika.com\/en\/#\/schema\/logo\/image\/","url":"https:\/\/emicomedika.com\/wp-content\/uploads\/2015\/08\/Logo_EM_2784_1320.png","contentUrl":"https:\/\/emicomedika.com\/wp-content\/uploads\/2015\/08\/Logo_EM_2784_1320.png","width":2784,"height":1320,"caption":"EmicoMedika"},"image":{"@id":"https:\/\/emicomedika.com\/en\/#\/schema\/logo\/image\/"},"sameAs":["https:\/\/www.facebook.com\/emicomedika\/"]}]}},"_links":{"self":[{"href":"https:\/\/emicomedika.com\/lt\/wp-json\/wp\/v2\/pages\/13"}],"collection":[{"href":"https:\/\/emicomedika.com\/lt\/wp-json\/wp\/v2\/pages"}],"about":[{"href":"https:\/\/emicomedika.com\/lt\/wp-json\/wp\/v2\/types\/page"}],"author":[{"embeddable":true,"href":"https:\/\/emicomedika.com\/lt\/wp-json\/wp\/v2\/users\/1"}],"replies":[{"embeddable":true,"href":"https:\/\/emicomedika.com\/lt\/wp-json\/wp\/v2\/comments?post=13"}],"version-history":[{"count":2,"href":"https:\/\/emicomedika.com\/lt\/wp-json\/wp\/v2\/pages\/13\/revisions"}],"predecessor-version":[{"id":31,"href":"https:\/\/emicomedika.com\/lt\/wp-json\/wp\/v2\/pages\/13\/revisions\/31"}],"wp:attachment":[{"href":"https:\/\/emicomedika.com\/lt\/wp-json\/wp\/v2\/media?parent=13"}],"curies":[{"name":"wp","href":"https:\/\/api.w.org\/{rel}","templated":true}]}}