{"id":1883,"date":"2023-05-23T12:22:08","date_gmt":"2023-05-23T09:22:08","guid":{"rendered":"https:\/\/emicomedika.com\/?page_id=1883"},"modified":"2025-04-11T16:37:49","modified_gmt":"2025-04-11T13:37:49","slug":"cryomobile","status":"publish","type":"page","link":"https:\/\/emicomedika.com\/lt\/cryomobile\/","title":{"rendered":"CryoMobile"},"content":{"rendered":"<p><\/p>\n<section class=\"text-2xl\" style=\"font-family: 'Exo 2';\">\n<div id=\"cryomobbaner\" class=\"mb-10\">\n<h2 class=\"text-white p-5 text-3xl\">\u0160altas MRT pristatymas neprarandant helio<\/h2>\n<\/div>\n<p>M\u016bs\u0173 kriomobilyje sumontuota speciali \u012franga, skirta \u0161altajam magnetinio rezonanso tomografui perve\u017eti, ir magnetinio rezonanso tomograf\u0173 b\u016bkl\u0117s ir veikimo steb\u0117jimo sistema.<\/p>\n<p>Sistema leid\u017eia transportuoti magnetus su \u012fjungta kriogenine sistema ir nuotolinio valdymo funkcija steb\u0117ti kriogenin\u0117s sistemos veikim\u0105 bei pagrindinius magneto parametrus.<br \/>\n<img decoding=\"async\" loading=\"lazy\" class=\"aligncenter float-right w-100 wp-image-1894\" src=\"https:\/\/emicomedika.com\/wp-content\/uploads\/2023\/05\/cryomibile_monitoring.png\" alt=\"\" width=\"600\" height=\"400\" srcset=\"https:\/\/emicomedika.com\/wp-content\/uploads\/2023\/05\/cryomibile_monitoring.png 600w, https:\/\/emicomedika.com\/wp-content\/uploads\/2023\/05\/cryomibile_monitoring-300x200.png 300w, https:\/\/emicomedika.com\/wp-content\/uploads\/2023\/05\/cryomibile_monitoring-234x156.png 234w\" sizes=\"(max-width: 600px) 100vw, 600px\" \/><br \/>\nAtsargin\u0117 steb\u0117jimo sistema taip pat prane\u0161a sunkve\u017eimio vairuotojui apie bet kokius kriogenin\u0117s \u012frangos gedimus ar magneto parametr\u0173 poky\u010dius.<\/p>\n<p>Belaid\u017eiu nuotolinio valdymo pultu taip pat stebima \u0161aldymo sistema (tiekiama kartu su \u0161aldytuvu, rodo kompresoriaus \u012fleidimo ir i\u0161leidimo vandens temperat\u016br\u0105).<\/p>\n<p>GPS jutiklis stebi sistemos buvimo viet\u0105 pasaulio \u017eem\u0117lapyje. Sm\u016bgio jutikliai aptinka pavojingas magneto perkrovas avarijos ar neteis\u0117t\u0173 manevr\u0173 atveju.<br \/>\n<\/section>\n<p><\/p>","protected":false},"excerpt":{"rendered":"<p>\u0160altas MRT pristatymas neprarandant helio M\u016bs\u0173 kriomobilyje sumontuota speciali \u012franga, skirta \u0161altajam magnetinio rezonanso tomografui perve\u017eti, ir magnetinio rezonanso tomograf\u0173 b\u016bkl\u0117s ir veikimo steb\u0117jimo sistema. Sistema leid\u017eia transportuoti magnetus su \u012fjungta kriogenine sistema ir nuotolinio valdymo funkcija steb\u0117ti kriogenin\u0117s sistemos veikim\u0105 bei pagrindinius magneto parametrus. Atsargin\u0117 steb\u0117jimo sistema taip pat prane\u0161a sunkve\u017eimio vairuotojui apie bet &hellip; <a href=\"https:\/\/emicomedika.com\/lt\/cryomobile\/\" class=\"more-link\">Skaityti toliau: <span class=\"screen-reader-text\">CryoMobile<\/span><\/a><\/p>\n","protected":false},"author":1,"featured_media":0,"parent":0,"menu_order":0,"comment_status":"closed","ping_status":"closed","template":"","meta":{"ngg_post_thumbnail":0},"yoast_head":"<!-- This site is optimized with the Yoast SEO plugin v20.10 - https:\/\/yoast.com\/wordpress\/plugins\/seo\/ -->\n<title>CryoMobile | EMICO Medika | Medicinos \u012frangos tarnyba<\/title>\n<meta name=\"robots\" content=\"index, follow, max-snippet:-1, max-image-preview:large, max-video-preview:-1\" \/>\n<link rel=\"canonical\" href=\"https:\/\/emicomedika.com\/cryomobile\/\" \/>\n<meta property=\"og:locale\" content=\"lt_LT\" \/>\n<meta property=\"og:type\" content=\"article\" \/>\n<meta property=\"og:title\" content=\"CryoMobile | EMICO Medika | Medicinos \u012frangos tarnyba\" \/>\n<meta property=\"og:description\" content=\"\u0160altas MRT pristatymas neprarandant helio M\u016bs\u0173 kriomobilyje sumontuota speciali \u012franga, skirta \u0161altajam magnetinio rezonanso tomografui perve\u017eti, ir magnetinio rezonanso tomograf\u0173 b\u016bkl\u0117s ir veikimo steb\u0117jimo sistema. Sistema leid\u017eia transportuoti magnetus su \u012fjungta kriogenine sistema ir nuotolinio valdymo funkcija steb\u0117ti kriogenin\u0117s sistemos veikim\u0105 bei pagrindinius magneto parametrus. Atsargin\u0117 steb\u0117jimo sistema taip pat prane\u0161a sunkve\u017eimio vairuotojui apie bet &hellip; Skaityti toliau: CryoMobile\" \/>\n<meta property=\"og:url\" content=\"https:\/\/emicomedika.com\/cryomobile\/\" \/>\n<meta property=\"og:site_name\" content=\"EMICO Medika | Medicinos \u012frangos tarnyba\" \/>\n<meta property=\"article:publisher\" content=\"https:\/\/www.facebook.com\/emicomedika\/\" \/>\n<meta property=\"article:modified_time\" content=\"2025-04-11T13:37:49+00:00\" \/>\n<meta property=\"og:image\" content=\"https:\/\/emicomedika.com\/wp-content\/uploads\/2023\/05\/cryomibile_monitoring.png\" \/>\n<meta name=\"twitter:card\" content=\"summary_large_image\" \/>\n<meta name=\"twitter:label1\" content=\"Est. reading time\" \/>\n\t<meta name=\"twitter:data1\" content=\"5 minut\u0117s\" \/>\n<script type=\"application\/ld+json\" class=\"yoast-schema-graph\">{\"@context\":\"https:\/\/schema.org\",\"@graph\":[{\"@type\":\"WebPage\",\"@id\":\"https:\/\/emicomedika.com\/cryomobile\/\",\"url\":\"https:\/\/emicomedika.com\/cryomobile\/\",\"name\":\"CryoMobile | EMICO Medika | Medicinos \u012frangos tarnyba\",\"isPartOf\":{\"@id\":\"https:\/\/emicomedika.com\/en\/#website\"},\"datePublished\":\"2023-05-23T09:22:08+00:00\",\"dateModified\":\"2025-04-11T13:37:49+00:00\",\"breadcrumb\":{\"@id\":\"https:\/\/emicomedika.com\/cryomobile\/#breadcrumb\"},\"inLanguage\":\"lt-LT\",\"potentialAction\":[{\"@type\":\"ReadAction\",\"target\":[\"https:\/\/emicomedika.com\/cryomobile\/\"]}]},{\"@type\":\"BreadcrumbList\",\"@id\":\"https:\/\/emicomedika.com\/cryomobile\/#breadcrumb\",\"itemListElement\":[{\"@type\":\"ListItem\",\"position\":1,\"name\":\"Home\",\"item\":\"https:\/\/emicomedika.com\/en\/\"},{\"@type\":\"ListItem\",\"position\":2,\"name\":\"\u041a\u0440\u0438\u043e\u041c\u043e\u0431\u0438\u043b\u044c\"}]},{\"@type\":\"WebSite\",\"@id\":\"https:\/\/emicomedika.com\/en\/#website\",\"url\":\"https:\/\/emicomedika.com\/en\/\",\"name\":\"EmicoMedika\",\"description\":\"Med. \u012frangos aptarnavimas, remontas ir tiekimas\",\"publisher\":{\"@id\":\"https:\/\/emicomedika.com\/en\/#organization\"},\"potentialAction\":[{\"@type\":\"SearchAction\",\"target\":{\"@type\":\"EntryPoint\",\"urlTemplate\":\"https:\/\/emicomedika.com\/en\/?s={search_term_string}\"},\"query-input\":\"required name=search_term_string\"}],\"inLanguage\":\"lt-LT\"},{\"@type\":\"Organization\",\"@id\":\"https:\/\/emicomedika.com\/en\/#organization\",\"name\":\"EmicoMedika\",\"url\":\"https:\/\/emicomedika.com\/en\/\",\"logo\":{\"@type\":\"ImageObject\",\"inLanguage\":\"lt-LT\",\"@id\":\"https:\/\/emicomedika.com\/en\/#\/schema\/logo\/image\/\",\"url\":\"https:\/\/emicomedika.com\/wp-content\/uploads\/2015\/08\/Logo_EM_2784_1320.png\",\"contentUrl\":\"https:\/\/emicomedika.com\/wp-content\/uploads\/2015\/08\/Logo_EM_2784_1320.png\",\"width\":2784,\"height\":1320,\"caption\":\"EmicoMedika\"},\"image\":{\"@id\":\"https:\/\/emicomedika.com\/en\/#\/schema\/logo\/image\/\"},\"sameAs\":[\"https:\/\/www.facebook.com\/emicomedika\/\"]}]}<\/script>\n<!-- \/ Yoast SEO plugin. -->","yoast_head_json":{"title":"CryoMobile | EMICO Medika | Medicinos \u012frangos tarnyba","robots":{"index":"index","follow":"follow","max-snippet":"max-snippet:-1","max-image-preview":"max-image-preview:large","max-video-preview":"max-video-preview:-1"},"canonical":"https:\/\/emicomedika.com\/cryomobile\/","og_locale":"lt_LT","og_type":"article","og_title":"CryoMobile | EMICO Medika | Medicinos \u012frangos tarnyba","og_description":"\u0160altas MRT pristatymas neprarandant helio M\u016bs\u0173 kriomobilyje sumontuota speciali \u012franga, skirta \u0161altajam magnetinio rezonanso tomografui perve\u017eti, ir magnetinio rezonanso tomograf\u0173 b\u016bkl\u0117s ir veikimo steb\u0117jimo sistema. Sistema leid\u017eia transportuoti magnetus su \u012fjungta kriogenine sistema ir nuotolinio valdymo funkcija steb\u0117ti kriogenin\u0117s sistemos veikim\u0105 bei pagrindinius magneto parametrus. Atsargin\u0117 steb\u0117jimo sistema taip pat prane\u0161a sunkve\u017eimio vairuotojui apie bet &hellip; Skaityti toliau: CryoMobile","og_url":"https:\/\/emicomedika.com\/cryomobile\/","og_site_name":"EMICO Medika | Medicinos \u012frangos tarnyba","article_publisher":"https:\/\/www.facebook.com\/emicomedika\/","article_modified_time":"2025-04-11T13:37:49+00:00","og_image":[{"url":"https:\/\/emicomedika.com\/wp-content\/uploads\/2023\/05\/cryomibile_monitoring.png"}],"twitter_card":"summary_large_image","twitter_misc":{"Est. reading time":"5 minut\u0117s"},"schema":{"@context":"https:\/\/schema.org","@graph":[{"@type":"WebPage","@id":"https:\/\/emicomedika.com\/cryomobile\/","url":"https:\/\/emicomedika.com\/cryomobile\/","name":"CryoMobile | EMICO Medika | Medicinos \u012frangos tarnyba","isPartOf":{"@id":"https:\/\/emicomedika.com\/en\/#website"},"datePublished":"2023-05-23T09:22:08+00:00","dateModified":"2025-04-11T13:37:49+00:00","breadcrumb":{"@id":"https:\/\/emicomedika.com\/cryomobile\/#breadcrumb"},"inLanguage":"lt-LT","potentialAction":[{"@type":"ReadAction","target":["https:\/\/emicomedika.com\/cryomobile\/"]}]},{"@type":"BreadcrumbList","@id":"https:\/\/emicomedika.com\/cryomobile\/#breadcrumb","itemListElement":[{"@type":"ListItem","position":1,"name":"Home","item":"https:\/\/emicomedika.com\/en\/"},{"@type":"ListItem","position":2,"name":"\u041a\u0440\u0438\u043e\u041c\u043e\u0431\u0438\u043b\u044c"}]},{"@type":"WebSite","@id":"https:\/\/emicomedika.com\/en\/#website","url":"https:\/\/emicomedika.com\/en\/","name":"EmicoMedika","description":"Med. \u012frangos aptarnavimas, remontas ir tiekimas","publisher":{"@id":"https:\/\/emicomedika.com\/en\/#organization"},"potentialAction":[{"@type":"SearchAction","target":{"@type":"EntryPoint","urlTemplate":"https:\/\/emicomedika.com\/en\/?s={search_term_string}"},"query-input":"required name=search_term_string"}],"inLanguage":"lt-LT"},{"@type":"Organization","@id":"https:\/\/emicomedika.com\/en\/#organization","name":"EmicoMedika","url":"https:\/\/emicomedika.com\/en\/","logo":{"@type":"ImageObject","inLanguage":"lt-LT","@id":"https:\/\/emicomedika.com\/en\/#\/schema\/logo\/image\/","url":"https:\/\/emicomedika.com\/wp-content\/uploads\/2015\/08\/Logo_EM_2784_1320.png","contentUrl":"https:\/\/emicomedika.com\/wp-content\/uploads\/2015\/08\/Logo_EM_2784_1320.png","width":2784,"height":1320,"caption":"EmicoMedika"},"image":{"@id":"https:\/\/emicomedika.com\/en\/#\/schema\/logo\/image\/"},"sameAs":["https:\/\/www.facebook.com\/emicomedika\/"]}]}},"_links":{"self":[{"href":"https:\/\/emicomedika.com\/lt\/wp-json\/wp\/v2\/pages\/1883"}],"collection":[{"href":"https:\/\/emicomedika.com\/lt\/wp-json\/wp\/v2\/pages"}],"about":[{"href":"https:\/\/emicomedika.com\/lt\/wp-json\/wp\/v2\/types\/page"}],"author":[{"embeddable":true,"href":"https:\/\/emicomedika.com\/lt\/wp-json\/wp\/v2\/users\/1"}],"replies":[{"embeddable":true,"href":"https:\/\/emicomedika.com\/lt\/wp-json\/wp\/v2\/comments?post=1883"}],"version-history":[{"count":15,"href":"https:\/\/emicomedika.com\/lt\/wp-json\/wp\/v2\/pages\/1883\/revisions"}],"predecessor-version":[{"id":1946,"href":"https:\/\/emicomedika.com\/lt\/wp-json\/wp\/v2\/pages\/1883\/revisions\/1946"}],"wp:attachment":[{"href":"https:\/\/emicomedika.com\/lt\/wp-json\/wp\/v2\/media?parent=1883"}],"curies":[{"name":"wp","href":"https:\/\/api.w.org\/{rel}","templated":true}]}}