{"id":45,"date":"2015-08-25T15:44:07","date_gmt":"2015-08-25T12:44:07","guid":{"rendered":"http:\/\/emicomedika.com\/?page_id=45"},"modified":"2025-04-11T16:13:20","modified_gmt":"2025-04-11T13:13:20","slug":"mri-de-icing-equipment","status":"publish","type":"page","link":"https:\/\/emicomedika.com\/lt\/services\/mri-de-icing-equipment\/","title":{"rendered":"MRT At\u0161ildymo \u012eranga"},"content":{"rendered":"<p>Emico Medika revoliucin\u0117 MRT at\u0161ildymo \u012franga<br \/>\nEmico Medika \u2013 tai medicininio vaizdinimo srities lyder\u0117, kurianti pa\u017eangi\u0105 MRT at\u0161ildymo \u012frang\u0105. M\u016bs\u0173 sprendimai sukurti siekiant auk\u0161\u010diausio tikslumo, patikimumo ir efektyvumo.<\/p>\n<p>Si\u016blome pilnus at\u0161ildymo \u012frangos rinkinius, tinkamus vis\u0173 tip\u0173 magnetams. Kartu pateikiamos i\u0161samios naudojimo instrukcijos ir vaizdo med\u017eiaga patogiam \u012fdiegimui.<\/p>\n<p>MRT at\u0161ildymas \u2013 esminis technin\u0117s prie\u017ei\u016bros etapas, kuris u\u017etikrina skland\u0173 \u012frangos darb\u0105. M\u016bs\u0173 \u012franga padeda suma\u017einti judesio artefaktus ir pagerina diagnostikos efektyvum\u0105 gydymo \u012fstaigose.<\/p>\n<p>Rinkit\u0117s Emico Medika \u2013 kai svarbu kokyb\u0117 ir inovacijos.<\/p>","protected":false},"excerpt":{"rendered":"<p>Emico Medika revoliucin\u0117 MRT at\u0161ildymo \u012franga Emico Medika \u2013 tai medicininio vaizdinimo srities lyder\u0117, kurianti pa\u017eangi\u0105 MRT at\u0161ildymo \u012frang\u0105. M\u016bs\u0173 sprendimai sukurti siekiant auk\u0161\u010diausio tikslumo, patikimumo ir efektyvumo. Si\u016blome pilnus at\u0161ildymo \u012frangos rinkinius, tinkamus vis\u0173 tip\u0173 magnetams. Kartu pateikiamos i\u0161samios naudojimo instrukcijos ir vaizdo med\u017eiaga patogiam \u012fdiegimui. MRT at\u0161ildymas \u2013 esminis technin\u0117s prie\u017ei\u016bros etapas, kuris &hellip; <a href=\"https:\/\/emicomedika.com\/lt\/services\/mri-de-icing-equipment\/\" class=\"more-link\">Skaityti toliau: <span class=\"screen-reader-text\">MRT At\u0161ildymo \u012eranga<\/span><\/a><\/p>\n","protected":false},"author":1,"featured_media":57,"parent":5,"menu_order":2,"comment_status":"closed","ping_status":"closed","template":"paslaugos.php","meta":{"ngg_post_thumbnail":0},"yoast_head":"<!-- This site is optimized with the Yoast SEO plugin v20.10 - https:\/\/yoast.com\/wordpress\/plugins\/seo\/ -->\n<title>MRT At\u0161ildymo \u012eranga | EMICO Medika | Medicinos \u012frangos tarnyba<\/title>\n<meta name=\"robots\" content=\"index, follow, max-snippet:-1, max-image-preview:large, max-video-preview:-1\" \/>\n<link rel=\"canonical\" href=\"https:\/\/emicomedika.com\/services\/mri-de-icing-equipment\/\" \/>\n<meta property=\"og:locale\" content=\"lt_LT\" \/>\n<meta property=\"og:type\" content=\"article\" \/>\n<meta property=\"og:title\" content=\"MRT At\u0161ildymo \u012eranga | EMICO Medika | Medicinos \u012frangos tarnyba\" \/>\n<meta property=\"og:description\" content=\"Emico Medika revoliucin\u0117 MRT at\u0161ildymo \u012franga Emico Medika \u2013 tai medicininio vaizdinimo srities lyder\u0117, kurianti pa\u017eangi\u0105 MRT at\u0161ildymo \u012frang\u0105. M\u016bs\u0173 sprendimai sukurti siekiant auk\u0161\u010diausio tikslumo, patikimumo ir efektyvumo. Si\u016blome pilnus at\u0161ildymo \u012frangos rinkinius, tinkamus vis\u0173 tip\u0173 magnetams. Kartu pateikiamos i\u0161samios naudojimo instrukcijos ir vaizdo med\u017eiaga patogiam \u012fdiegimui. MRT at\u0161ildymas \u2013 esminis technin\u0117s prie\u017ei\u016bros etapas, kuris &hellip; Skaityti toliau: MRT At\u0161ildymo \u012eranga\" \/>\n<meta property=\"og:url\" content=\"https:\/\/emicomedika.com\/services\/mri-de-icing-equipment\/\" \/>\n<meta property=\"og:site_name\" content=\"EMICO Medika | Medicinos \u012frangos tarnyba\" \/>\n<meta property=\"article:publisher\" content=\"https:\/\/www.facebook.com\/emicomedika\/\" \/>\n<meta property=\"article:modified_time\" content=\"2025-04-11T13:13:20+00:00\" \/>\n<meta property=\"og:image\" content=\"https:\/\/emicomedika.com\/wp-content\/uploads\/2015\/08\/ctmri.png\" \/>\n\t<meta property=\"og:image:width\" content=\"288\" \/>\n\t<meta property=\"og:image:height\" content=\"170\" \/>\n\t<meta property=\"og:image:type\" content=\"image\/png\" \/>\n<meta name=\"twitter:card\" content=\"summary_large_image\" \/>\n<meta name=\"twitter:label1\" content=\"Est. reading time\" \/>\n\t<meta name=\"twitter:data1\" content=\"2 minut\u0117s\" \/>\n<script type=\"application\/ld+json\" class=\"yoast-schema-graph\">{\"@context\":\"https:\/\/schema.org\",\"@graph\":[{\"@type\":\"WebPage\",\"@id\":\"https:\/\/emicomedika.com\/services\/mri-de-icing-equipment\/\",\"url\":\"https:\/\/emicomedika.com\/services\/mri-de-icing-equipment\/\",\"name\":\"MRT At\u0161ildymo \u012eranga | EMICO Medika | Medicinos \u012frangos tarnyba\",\"isPartOf\":{\"@id\":\"https:\/\/emicomedika.com\/en\/#website\"},\"datePublished\":\"2015-08-25T12:44:07+00:00\",\"dateModified\":\"2025-04-11T13:13:20+00:00\",\"breadcrumb\":{\"@id\":\"https:\/\/emicomedika.com\/services\/mri-de-icing-equipment\/#breadcrumb\"},\"inLanguage\":\"lt-LT\",\"potentialAction\":[{\"@type\":\"ReadAction\",\"target\":[\"https:\/\/emicomedika.com\/services\/mri-de-icing-equipment\/\"]}]},{\"@type\":\"BreadcrumbList\",\"@id\":\"https:\/\/emicomedika.com\/services\/mri-de-icing-equipment\/#breadcrumb\",\"itemListElement\":[{\"@type\":\"ListItem\",\"position\":1,\"name\":\"Home\",\"item\":\"https:\/\/emicomedika.com\/en\/\"},{\"@type\":\"ListItem\",\"position\":2,\"name\":\"\u041d\u0430\u0448\u0438 \u0443\u0441\u043b\u0443\u0433\u0438\",\"item\":\"https:\/\/emicomedika.com\/services\/\"},{\"@type\":\"ListItem\",\"position\":3,\"name\":\"\u041e\u0431\u043e\u0440\u0443\u0434\u043e\u0432\u0430\u043d\u0438\u0435 \u0434\u043b\u044f \u043f\u0440\u043e\u0432\u0435\u0434\u0435\u043d\u0438\u044f \u0434\u0435\u0430\u0439\u0441\u0438\u043d\u0433\u0430 \u0432 \u041c\u0420\u0422\"}]},{\"@type\":\"WebSite\",\"@id\":\"https:\/\/emicomedika.com\/en\/#website\",\"url\":\"https:\/\/emicomedika.com\/en\/\",\"name\":\"EmicoMedika\",\"description\":\"Med. \u012frangos aptarnavimas, remontas ir tiekimas\",\"publisher\":{\"@id\":\"https:\/\/emicomedika.com\/en\/#organization\"},\"potentialAction\":[{\"@type\":\"SearchAction\",\"target\":{\"@type\":\"EntryPoint\",\"urlTemplate\":\"https:\/\/emicomedika.com\/en\/?s={search_term_string}\"},\"query-input\":\"required name=search_term_string\"}],\"inLanguage\":\"lt-LT\"},{\"@type\":\"Organization\",\"@id\":\"https:\/\/emicomedika.com\/en\/#organization\",\"name\":\"EmicoMedika\",\"url\":\"https:\/\/emicomedika.com\/en\/\",\"logo\":{\"@type\":\"ImageObject\",\"inLanguage\":\"lt-LT\",\"@id\":\"https:\/\/emicomedika.com\/en\/#\/schema\/logo\/image\/\",\"url\":\"https:\/\/emicomedika.com\/wp-content\/uploads\/2015\/08\/Logo_EM_2784_1320.png\",\"contentUrl\":\"https:\/\/emicomedika.com\/wp-content\/uploads\/2015\/08\/Logo_EM_2784_1320.png\",\"width\":2784,\"height\":1320,\"caption\":\"EmicoMedika\"},\"image\":{\"@id\":\"https:\/\/emicomedika.com\/en\/#\/schema\/logo\/image\/\"},\"sameAs\":[\"https:\/\/www.facebook.com\/emicomedika\/\"]}]}<\/script>\n<!-- \/ Yoast SEO plugin. -->","yoast_head_json":{"title":"MRT At\u0161ildymo \u012eranga | EMICO Medika | Medicinos \u012frangos tarnyba","robots":{"index":"index","follow":"follow","max-snippet":"max-snippet:-1","max-image-preview":"max-image-preview:large","max-video-preview":"max-video-preview:-1"},"canonical":"https:\/\/emicomedika.com\/services\/mri-de-icing-equipment\/","og_locale":"lt_LT","og_type":"article","og_title":"MRT At\u0161ildymo \u012eranga | EMICO Medika | Medicinos \u012frangos tarnyba","og_description":"Emico Medika revoliucin\u0117 MRT at\u0161ildymo \u012franga Emico Medika \u2013 tai medicininio vaizdinimo srities lyder\u0117, kurianti pa\u017eangi\u0105 MRT at\u0161ildymo \u012frang\u0105. M\u016bs\u0173 sprendimai sukurti siekiant auk\u0161\u010diausio tikslumo, patikimumo ir efektyvumo. Si\u016blome pilnus at\u0161ildymo \u012frangos rinkinius, tinkamus vis\u0173 tip\u0173 magnetams. Kartu pateikiamos i\u0161samios naudojimo instrukcijos ir vaizdo med\u017eiaga patogiam \u012fdiegimui. MRT at\u0161ildymas \u2013 esminis technin\u0117s prie\u017ei\u016bros etapas, kuris &hellip; Skaityti toliau: MRT At\u0161ildymo \u012eranga","og_url":"https:\/\/emicomedika.com\/services\/mri-de-icing-equipment\/","og_site_name":"EMICO Medika | Medicinos \u012frangos tarnyba","article_publisher":"https:\/\/www.facebook.com\/emicomedika\/","article_modified_time":"2025-04-11T13:13:20+00:00","og_image":[{"width":288,"height":170,"url":"https:\/\/emicomedika.com\/wp-content\/uploads\/2015\/08\/ctmri.png","type":"image\/png"}],"twitter_card":"summary_large_image","twitter_misc":{"Est. reading time":"2 minut\u0117s"},"schema":{"@context":"https:\/\/schema.org","@graph":[{"@type":"WebPage","@id":"https:\/\/emicomedika.com\/services\/mri-de-icing-equipment\/","url":"https:\/\/emicomedika.com\/services\/mri-de-icing-equipment\/","name":"MRT At\u0161ildymo \u012eranga | EMICO Medika | Medicinos \u012frangos tarnyba","isPartOf":{"@id":"https:\/\/emicomedika.com\/en\/#website"},"datePublished":"2015-08-25T12:44:07+00:00","dateModified":"2025-04-11T13:13:20+00:00","breadcrumb":{"@id":"https:\/\/emicomedika.com\/services\/mri-de-icing-equipment\/#breadcrumb"},"inLanguage":"lt-LT","potentialAction":[{"@type":"ReadAction","target":["https:\/\/emicomedika.com\/services\/mri-de-icing-equipment\/"]}]},{"@type":"BreadcrumbList","@id":"https:\/\/emicomedika.com\/services\/mri-de-icing-equipment\/#breadcrumb","itemListElement":[{"@type":"ListItem","position":1,"name":"Home","item":"https:\/\/emicomedika.com\/en\/"},{"@type":"ListItem","position":2,"name":"\u041d\u0430\u0448\u0438 \u0443\u0441\u043b\u0443\u0433\u0438","item":"https:\/\/emicomedika.com\/services\/"},{"@type":"ListItem","position":3,"name":"\u041e\u0431\u043e\u0440\u0443\u0434\u043e\u0432\u0430\u043d\u0438\u0435 \u0434\u043b\u044f \u043f\u0440\u043e\u0432\u0435\u0434\u0435\u043d\u0438\u044f \u0434\u0435\u0430\u0439\u0441\u0438\u043d\u0433\u0430 \u0432 \u041c\u0420\u0422"}]},{"@type":"WebSite","@id":"https:\/\/emicomedika.com\/en\/#website","url":"https:\/\/emicomedika.com\/en\/","name":"EmicoMedika","description":"Med. \u012frangos aptarnavimas, remontas ir tiekimas","publisher":{"@id":"https:\/\/emicomedika.com\/en\/#organization"},"potentialAction":[{"@type":"SearchAction","target":{"@type":"EntryPoint","urlTemplate":"https:\/\/emicomedika.com\/en\/?s={search_term_string}"},"query-input":"required name=search_term_string"}],"inLanguage":"lt-LT"},{"@type":"Organization","@id":"https:\/\/emicomedika.com\/en\/#organization","name":"EmicoMedika","url":"https:\/\/emicomedika.com\/en\/","logo":{"@type":"ImageObject","inLanguage":"lt-LT","@id":"https:\/\/emicomedika.com\/en\/#\/schema\/logo\/image\/","url":"https:\/\/emicomedika.com\/wp-content\/uploads\/2015\/08\/Logo_EM_2784_1320.png","contentUrl":"https:\/\/emicomedika.com\/wp-content\/uploads\/2015\/08\/Logo_EM_2784_1320.png","width":2784,"height":1320,"caption":"EmicoMedika"},"image":{"@id":"https:\/\/emicomedika.com\/en\/#\/schema\/logo\/image\/"},"sameAs":["https:\/\/www.facebook.com\/emicomedika\/"]}]}},"_links":{"self":[{"href":"https:\/\/emicomedika.com\/lt\/wp-json\/wp\/v2\/pages\/45"}],"collection":[{"href":"https:\/\/emicomedika.com\/lt\/wp-json\/wp\/v2\/pages"}],"about":[{"href":"https:\/\/emicomedika.com\/lt\/wp-json\/wp\/v2\/types\/page"}],"author":[{"embeddable":true,"href":"https:\/\/emicomedika.com\/lt\/wp-json\/wp\/v2\/users\/1"}],"replies":[{"embeddable":true,"href":"https:\/\/emicomedika.com\/lt\/wp-json\/wp\/v2\/comments?post=45"}],"version-history":[{"count":23,"href":"https:\/\/emicomedika.com\/lt\/wp-json\/wp\/v2\/pages\/45\/revisions"}],"predecessor-version":[{"id":1940,"href":"https:\/\/emicomedika.com\/lt\/wp-json\/wp\/v2\/pages\/45\/revisions\/1940"}],"up":[{"embeddable":true,"href":"https:\/\/emicomedika.com\/lt\/wp-json\/wp\/v2\/pages\/5"}],"wp:featuredmedia":[{"embeddable":true,"href":"https:\/\/emicomedika.com\/lt\/wp-json\/wp\/v2\/media\/57"}],"wp:attachment":[{"href":"https:\/\/emicomedika.com\/lt\/wp-json\/wp\/v2\/media?parent=45"}],"curies":[{"name":"wp","href":"https:\/\/api.w.org\/{rel}","templated":true}]}}