{"id":47,"date":"2015-08-25T15:44:47","date_gmt":"2015-08-25T12:44:47","guid":{"rendered":"http:\/\/emicomedika.com\/?page_id=47"},"modified":"2025-04-11T13:32:41","modified_gmt":"2025-04-11T10:32:41","slug":"mri-turnkey-solutions","status":"publish","type":"page","link":"https:\/\/emicomedika.com\/lt\/services\/mri-turnkey-solutions\/","title":{"rendered":"Med. \u012frangos sprendimai &#8222;iki rakto&#8221;"},"content":{"rendered":"<p>Emico Medika yra medicininio vaizdavimo lyder\u0117, si\u016blanti i\u0161samius \u201eiki rakto\u201c sprendimus magnetinio rezonanso tomografijos (MRT) ir kompiuterin\u0117s tomografijos (KT) projektams. J\u0173 holistinis po\u017ei\u016bris apima kruop\u0161\u010di\u0105 \u012frangos patikr\u0105, planavim\u0105, montavim\u0105, prie\u017ei\u016br\u0105 ir inovatyvius dizaino elementus, u\u017etikrinan\u010dius auk\u0161\u010diausi\u0105 kokyb\u0119.<\/p>\n<p>I\u0161sami medicinos \u012frangos patikra:<br \/>\nEmico Medika pradeda savo projektus \u201eiki rakto\u201c nuo i\u0161samios medicinos \u012frangos patikros. \u0160is esminis etapas leid\u017eia tiksliai \u012fvertinti esam\u0105 infrastrukt\u016br\u0105 ir pritaikyti sprendimus v\u0117lesn\u0117ms projekto faz\u0117ms.<\/p>\n<p>Nuolatin\u0117 MRT ir KT technin\u0117 prie\u017ei\u016bra:<br \/>\nBendrov\u0117 teikia nuolatin\u0119 MRT ir KT sistem\u0173 prie\u017ei\u016br\u0105, u\u017etikrindama j\u0173 nepriekai\u0161ting\u0105 veikim\u0105. Reguliari technin\u0117 prie\u017ei\u016bra ir prevencin\u0117 diagnostika padidina sistemos ilgaam\u017ei\u0161kum\u0105 ir patikimum\u0105.<\/p>\n<p>Visapusi\u0161kas sistem\u0173 montavimas:<br \/>\nEmico Medika atsakingai atlieka piln\u0105 MRT ir KT sistem\u0173 montavim\u0105. Patyr\u0119 technikai laikosi pramon\u0117s geriausios praktikos, u\u017etikrindami tiksl\u0173 ir efektyv\u0173 \u012frangos \u012fdiegim\u0105.<\/p>\n<p>Sklandi sen\u0173 sistem\u0173 i\u0161montavimas:<br \/>\nEmico Medika taip pat si\u016blo sen\u0173 sistem\u0173 i\u0161montavim\u0105, \u012fskaitant saug\u0173 \u012frangos \u0161alinim\u0105 pagal aplinkosaugos reikalavimus.<\/p>\n<p>Kompleksinis patalp\u0173 planavimas:<br \/>\nBendrov\u0117 atsi\u017evelgia \u012f erdv\u0117s panaudojim\u0105, saugum\u0105 ir prieinamum\u0105, siekdama optimaliai integruoti medicininio vaizdavimo technologijas \u012f sveikatos prie\u017ei\u016bros aplink\u0105.<\/p>\n<p>Inovatyvus RF kamer\u0173 projektavimas ir \u012fdiegimas:<br \/>\nEmico Medika specializuojasi RF kamer\u0173, apsaugan\u010di\u0173 MRT ir KT sistemas nuo elektromagnetini\u0173 trukd\u017ei\u0173, projektavime ir montavime.<\/p>\n<p>Atitiktis reguliavimo standartams:<br \/>\nBendrov\u0117 u\u017etikrina, kad visi j\u0173 projektai atitikt\u0173 pramon\u0117s reguliavimo reikalavimus ir kokyb\u0117s standartus.<\/p>\n<p>Individualizuoti sprendimai:<br \/>\nEmico Medika kuria individualius MRT ir KT projekt\u0173 sprendimus, pritaikydama paslaugas prie specifini\u0173 klient\u0173 poreiki\u0173.<\/p>\n<p>D\u0117l i\u0161skirtinio \u201eiki rakto\u201c po\u017ei\u016brio \u012f MRT ir KT projektus, Emico Medika u\u017etikrina moderni\u0105 ir patikim\u0105 medicinin\u0117s vaizdin\u0117s diagnostikos infrastrukt\u016br\u0105.<\/p>\n<p><\/p>","protected":false},"excerpt":{"rendered":"<p>Emico Medika yra medicininio vaizdavimo lyder\u0117, si\u016blanti i\u0161samius \u201eiki rakto\u201c sprendimus magnetinio rezonanso tomografijos (MRT) ir kompiuterin\u0117s tomografijos (KT) projektams. J\u0173 holistinis po\u017ei\u016bris apima kruop\u0161\u010di\u0105 \u012frangos patikr\u0105, planavim\u0105, montavim\u0105, prie\u017ei\u016br\u0105 ir inovatyvius dizaino elementus, u\u017etikrinan\u010dius auk\u0161\u010diausi\u0105 kokyb\u0119. I\u0161sami medicinos \u012frangos patikra: Emico Medika pradeda savo projektus \u201eiki rakto\u201c nuo i\u0161samios medicinos \u012frangos patikros. \u0160is esminis &hellip; <a href=\"https:\/\/emicomedika.com\/lt\/services\/mri-turnkey-solutions\/\" class=\"more-link\">Skaityti toliau: <span class=\"screen-reader-text\">Med. \u012frangos sprendimai &#8222;iki rakto&#8221;<\/span><\/a><\/p>\n","protected":false},"author":1,"featured_media":60,"parent":5,"menu_order":3,"comment_status":"closed","ping_status":"closed","template":"paslaugos.php","meta":{"ngg_post_thumbnail":0},"yoast_head":"<!-- This site is optimized with the Yoast SEO plugin v20.10 - https:\/\/yoast.com\/wordpress\/plugins\/seo\/ -->\n<title>Med. \u012frangos sprendimai &quot;iki rakto&quot; | EMICO Medika | Medicinos \u012frangos tarnyba<\/title>\n<meta name=\"robots\" content=\"index, follow, max-snippet:-1, max-image-preview:large, max-video-preview:-1\" \/>\n<link rel=\"canonical\" href=\"https:\/\/emicomedika.com\/services\/mri-turnkey-solutions\/\" \/>\n<meta property=\"og:locale\" content=\"lt_LT\" \/>\n<meta property=\"og:type\" content=\"article\" \/>\n<meta property=\"og:title\" content=\"Med. \u012frangos sprendimai &quot;iki rakto&quot; | EMICO Medika | Medicinos \u012frangos tarnyba\" \/>\n<meta property=\"og:description\" content=\"Emico Medika yra medicininio vaizdavimo lyder\u0117, si\u016blanti i\u0161samius \u201eiki rakto\u201c sprendimus magnetinio rezonanso tomografijos (MRT) ir kompiuterin\u0117s tomografijos (KT) projektams. J\u0173 holistinis po\u017ei\u016bris apima kruop\u0161\u010di\u0105 \u012frangos patikr\u0105, planavim\u0105, montavim\u0105, prie\u017ei\u016br\u0105 ir inovatyvius dizaino elementus, u\u017etikrinan\u010dius auk\u0161\u010diausi\u0105 kokyb\u0119. I\u0161sami medicinos \u012frangos patikra: Emico Medika pradeda savo projektus \u201eiki rakto\u201c nuo i\u0161samios medicinos \u012frangos patikros. \u0160is esminis &hellip; Skaityti toliau: Med. \u012frangos sprendimai &#8222;iki rakto&#8221;\" \/>\n<meta property=\"og:url\" content=\"https:\/\/emicomedika.com\/services\/mri-turnkey-solutions\/\" \/>\n<meta property=\"og:site_name\" content=\"EMICO Medika | Medicinos \u012frangos tarnyba\" \/>\n<meta property=\"article:publisher\" content=\"https:\/\/www.facebook.com\/emicomedika\/\" \/>\n<meta property=\"article:modified_time\" content=\"2025-04-11T10:32:41+00:00\" \/>\n<meta property=\"og:image\" content=\"https:\/\/emicomedika.com\/wp-content\/uploads\/2015\/08\/turnkey.png\" \/>\n\t<meta property=\"og:image:width\" content=\"461\" \/>\n\t<meta property=\"og:image:height\" content=\"170\" \/>\n\t<meta property=\"og:image:type\" content=\"image\/png\" \/>\n<meta name=\"twitter:card\" content=\"summary_large_image\" \/>\n<meta name=\"twitter:label1\" content=\"Est. reading time\" \/>\n\t<meta name=\"twitter:data1\" content=\"8 minut\u0117s\" \/>\n<script type=\"application\/ld+json\" class=\"yoast-schema-graph\">{\"@context\":\"https:\/\/schema.org\",\"@graph\":[{\"@type\":\"WebPage\",\"@id\":\"https:\/\/emicomedika.com\/services\/mri-turnkey-solutions\/\",\"url\":\"https:\/\/emicomedika.com\/services\/mri-turnkey-solutions\/\",\"name\":\"Med. \u012frangos sprendimai \\\"iki rakto\\\" | EMICO Medika | Medicinos \u012frangos tarnyba\",\"isPartOf\":{\"@id\":\"https:\/\/emicomedika.com\/en\/#website\"},\"datePublished\":\"2015-08-25T12:44:47+00:00\",\"dateModified\":\"2025-04-11T10:32:41+00:00\",\"breadcrumb\":{\"@id\":\"https:\/\/emicomedika.com\/services\/mri-turnkey-solutions\/#breadcrumb\"},\"inLanguage\":\"lt-LT\",\"potentialAction\":[{\"@type\":\"ReadAction\",\"target\":[\"https:\/\/emicomedika.com\/services\/mri-turnkey-solutions\/\"]}]},{\"@type\":\"BreadcrumbList\",\"@id\":\"https:\/\/emicomedika.com\/services\/mri-turnkey-solutions\/#breadcrumb\",\"itemListElement\":[{\"@type\":\"ListItem\",\"position\":1,\"name\":\"Home\",\"item\":\"https:\/\/emicomedika.com\/en\/\"},{\"@type\":\"ListItem\",\"position\":2,\"name\":\"\u041d\u0430\u0448\u0438 \u0443\u0441\u043b\u0443\u0433\u0438\",\"item\":\"https:\/\/emicomedika.com\/services\/\"},{\"@type\":\"ListItem\",\"position\":3,\"name\":\"\u041c\u0420\u0422 \u043f\u0440\u043e\u0435\u043a\u0442\u044b &#171;\u043f\u043e\u0434-\u043a\u043b\u044e\u0447&#187;\"}]},{\"@type\":\"WebSite\",\"@id\":\"https:\/\/emicomedika.com\/en\/#website\",\"url\":\"https:\/\/emicomedika.com\/en\/\",\"name\":\"EmicoMedika\",\"description\":\"Med. \u012frangos aptarnavimas, remontas ir tiekimas\",\"publisher\":{\"@id\":\"https:\/\/emicomedika.com\/en\/#organization\"},\"potentialAction\":[{\"@type\":\"SearchAction\",\"target\":{\"@type\":\"EntryPoint\",\"urlTemplate\":\"https:\/\/emicomedika.com\/en\/?s={search_term_string}\"},\"query-input\":\"required name=search_term_string\"}],\"inLanguage\":\"lt-LT\"},{\"@type\":\"Organization\",\"@id\":\"https:\/\/emicomedika.com\/en\/#organization\",\"name\":\"EmicoMedika\",\"url\":\"https:\/\/emicomedika.com\/en\/\",\"logo\":{\"@type\":\"ImageObject\",\"inLanguage\":\"lt-LT\",\"@id\":\"https:\/\/emicomedika.com\/en\/#\/schema\/logo\/image\/\",\"url\":\"https:\/\/emicomedika.com\/wp-content\/uploads\/2015\/08\/Logo_EM_2784_1320.png\",\"contentUrl\":\"https:\/\/emicomedika.com\/wp-content\/uploads\/2015\/08\/Logo_EM_2784_1320.png\",\"width\":2784,\"height\":1320,\"caption\":\"EmicoMedika\"},\"image\":{\"@id\":\"https:\/\/emicomedika.com\/en\/#\/schema\/logo\/image\/\"},\"sameAs\":[\"https:\/\/www.facebook.com\/emicomedika\/\"]}]}<\/script>\n<!-- \/ Yoast SEO plugin. -->","yoast_head_json":{"title":"Med. \u012frangos sprendimai \"iki rakto\" | EMICO Medika | Medicinos \u012frangos tarnyba","robots":{"index":"index","follow":"follow","max-snippet":"max-snippet:-1","max-image-preview":"max-image-preview:large","max-video-preview":"max-video-preview:-1"},"canonical":"https:\/\/emicomedika.com\/services\/mri-turnkey-solutions\/","og_locale":"lt_LT","og_type":"article","og_title":"Med. \u012frangos sprendimai \"iki rakto\" | EMICO Medika | Medicinos \u012frangos tarnyba","og_description":"Emico Medika yra medicininio vaizdavimo lyder\u0117, si\u016blanti i\u0161samius \u201eiki rakto\u201c sprendimus magnetinio rezonanso tomografijos (MRT) ir kompiuterin\u0117s tomografijos (KT) projektams. J\u0173 holistinis po\u017ei\u016bris apima kruop\u0161\u010di\u0105 \u012frangos patikr\u0105, planavim\u0105, montavim\u0105, prie\u017ei\u016br\u0105 ir inovatyvius dizaino elementus, u\u017etikrinan\u010dius auk\u0161\u010diausi\u0105 kokyb\u0119. I\u0161sami medicinos \u012frangos patikra: Emico Medika pradeda savo projektus \u201eiki rakto\u201c nuo i\u0161samios medicinos \u012frangos patikros. \u0160is esminis &hellip; Skaityti toliau: Med. \u012frangos sprendimai &#8222;iki rakto&#8221;","og_url":"https:\/\/emicomedika.com\/services\/mri-turnkey-solutions\/","og_site_name":"EMICO Medika | Medicinos \u012frangos tarnyba","article_publisher":"https:\/\/www.facebook.com\/emicomedika\/","article_modified_time":"2025-04-11T10:32:41+00:00","og_image":[{"width":461,"height":170,"url":"https:\/\/emicomedika.com\/wp-content\/uploads\/2015\/08\/turnkey.png","type":"image\/png"}],"twitter_card":"summary_large_image","twitter_misc":{"Est. reading time":"8 minut\u0117s"},"schema":{"@context":"https:\/\/schema.org","@graph":[{"@type":"WebPage","@id":"https:\/\/emicomedika.com\/services\/mri-turnkey-solutions\/","url":"https:\/\/emicomedika.com\/services\/mri-turnkey-solutions\/","name":"Med. \u012frangos sprendimai \"iki rakto\" | EMICO Medika | Medicinos \u012frangos tarnyba","isPartOf":{"@id":"https:\/\/emicomedika.com\/en\/#website"},"datePublished":"2015-08-25T12:44:47+00:00","dateModified":"2025-04-11T10:32:41+00:00","breadcrumb":{"@id":"https:\/\/emicomedika.com\/services\/mri-turnkey-solutions\/#breadcrumb"},"inLanguage":"lt-LT","potentialAction":[{"@type":"ReadAction","target":["https:\/\/emicomedika.com\/services\/mri-turnkey-solutions\/"]}]},{"@type":"BreadcrumbList","@id":"https:\/\/emicomedika.com\/services\/mri-turnkey-solutions\/#breadcrumb","itemListElement":[{"@type":"ListItem","position":1,"name":"Home","item":"https:\/\/emicomedika.com\/en\/"},{"@type":"ListItem","position":2,"name":"\u041d\u0430\u0448\u0438 \u0443\u0441\u043b\u0443\u0433\u0438","item":"https:\/\/emicomedika.com\/services\/"},{"@type":"ListItem","position":3,"name":"\u041c\u0420\u0422 \u043f\u0440\u043e\u0435\u043a\u0442\u044b &#171;\u043f\u043e\u0434-\u043a\u043b\u044e\u0447&#187;"}]},{"@type":"WebSite","@id":"https:\/\/emicomedika.com\/en\/#website","url":"https:\/\/emicomedika.com\/en\/","name":"EmicoMedika","description":"Med. \u012frangos aptarnavimas, remontas ir tiekimas","publisher":{"@id":"https:\/\/emicomedika.com\/en\/#organization"},"potentialAction":[{"@type":"SearchAction","target":{"@type":"EntryPoint","urlTemplate":"https:\/\/emicomedika.com\/en\/?s={search_term_string}"},"query-input":"required name=search_term_string"}],"inLanguage":"lt-LT"},{"@type":"Organization","@id":"https:\/\/emicomedika.com\/en\/#organization","name":"EmicoMedika","url":"https:\/\/emicomedika.com\/en\/","logo":{"@type":"ImageObject","inLanguage":"lt-LT","@id":"https:\/\/emicomedika.com\/en\/#\/schema\/logo\/image\/","url":"https:\/\/emicomedika.com\/wp-content\/uploads\/2015\/08\/Logo_EM_2784_1320.png","contentUrl":"https:\/\/emicomedika.com\/wp-content\/uploads\/2015\/08\/Logo_EM_2784_1320.png","width":2784,"height":1320,"caption":"EmicoMedika"},"image":{"@id":"https:\/\/emicomedika.com\/en\/#\/schema\/logo\/image\/"},"sameAs":["https:\/\/www.facebook.com\/emicomedika\/"]}]}},"_links":{"self":[{"href":"https:\/\/emicomedika.com\/lt\/wp-json\/wp\/v2\/pages\/47"}],"collection":[{"href":"https:\/\/emicomedika.com\/lt\/wp-json\/wp\/v2\/pages"}],"about":[{"href":"https:\/\/emicomedika.com\/lt\/wp-json\/wp\/v2\/types\/page"}],"author":[{"embeddable":true,"href":"https:\/\/emicomedika.com\/lt\/wp-json\/wp\/v2\/users\/1"}],"replies":[{"embeddable":true,"href":"https:\/\/emicomedika.com\/lt\/wp-json\/wp\/v2\/comments?post=47"}],"version-history":[{"count":16,"href":"https:\/\/emicomedika.com\/lt\/wp-json\/wp\/v2\/pages\/47\/revisions"}],"predecessor-version":[{"id":1929,"href":"https:\/\/emicomedika.com\/lt\/wp-json\/wp\/v2\/pages\/47\/revisions\/1929"}],"up":[{"embeddable":true,"href":"https:\/\/emicomedika.com\/lt\/wp-json\/wp\/v2\/pages\/5"}],"wp:featuredmedia":[{"embeddable":true,"href":"https:\/\/emicomedika.com\/lt\/wp-json\/wp\/v2\/media\/60"}],"wp:attachment":[{"href":"https:\/\/emicomedika.com\/lt\/wp-json\/wp\/v2\/media?parent=47"}],"curies":[{"name":"wp","href":"https:\/\/api.w.org\/{rel}","templated":true}]}}