{"id":9,"date":"2015-08-21T16:24:35","date_gmt":"2015-08-21T13:24:35","guid":{"rendered":"http:\/\/emicomedika.com\/?page_id=9"},"modified":"2024-03-22T17:19:51","modified_gmt":"2024-03-22T14:19:51","slug":"about-emico","status":"publish","type":"page","link":"https:\/\/emicomedika.com\/lt\/about-emico\/","title":{"rendered":"Apie mus"},"content":{"rendered":"<p>Emico Medika yra inovatyvi paslaug\u0173 \u012fmon\u0117, specializuojanti turnkey prie\u017ei\u016br\u0105 ir technin\u0119 param\u0105 MRT ir KT skeneriams. \u012ekurta 2015 metais, Emico Medika greitai peln\u0117 klient\u0173 pasitik\u0117jim\u0105 d\u0117l savo profesionalizmo ir d\u0117mesio smulkmenoms.<\/p>\n<p>Pagrindin\u0117s Emico Medika kryptys &#8211; CryoMobile (teikia nulines garavimo transportavimo galimybes \u0161aldyt\u0173 MRT magnet\u0173), viso ciklo MRT kriogenin\u0117s darb\u0173 (magnet\u0173 nu\u0161alinimas, \u0161altos galvut\u0117s, adsorberio, kompresoriaus ir helio linij\u0173 keitimas ir remontas, helio u\u017epildai ir kt.) , MRT ir KT projektai iki galo, RF narveli\u0173 projektavimas ir tobulinimas, sand\u0117lis su MRT\/CT dalimis ir komponentais, speciali \u012franga ledo \u0161alinimui, programin\u0117 \u012franga MRT sand\u0117liams. Emico Medika teikia plat\u0173 paslaug\u0173 spektr\u0105, nuo \u012fprasto techninio prie\u017ei\u016bros iki skubi\u0173 remont\u0173. <\/p>\n<p>Kiekvienas klientas gali tik\u0117tis greito atsako ir profesionalaus sprendimo bet kokiems \u012frangos klausimams. <\/p>\n<p>\u012emon\u0117 aktyviai \u012fdiegia steb\u0117jimo ir diagnostikos sistemas, siekdama i\u0161vengti gedim\u0173 prie\u0161 jie \u012fvyksta, padidindama medicinos \u012fstaig\u0173 veiksmingum\u0105 ir u\u017etikrindama diagnostini\u0173 proced\u016br\u0173 t\u0119stinum\u0105. D\u0117ka Emico Medikos atsakomyb\u0117s, inovatyvaus po\u017ei\u016brio ir i\u0161\u0161\u016bk\u012f priiman\u010dios mentaliteto ji tapo ie\u0161koma partneriu medicinos \u012fstaigoms, prisidedant prie diagnostikos srities pl\u0117tros visame pasaulyje.<\/p>","protected":false},"excerpt":{"rendered":"<p>Emico Medika yra inovatyvi paslaug\u0173 \u012fmon\u0117, specializuojanti turnkey prie\u017ei\u016br\u0105 ir technin\u0119 param\u0105 MRT ir KT skeneriams. \u012ekurta 2015 metais, Emico Medika greitai peln\u0117 klient\u0173 pasitik\u0117jim\u0105 d\u0117l savo profesionalizmo ir d\u0117mesio smulkmenoms. Pagrindin\u0117s Emico Medika kryptys &#8211; CryoMobile (teikia nulines garavimo transportavimo galimybes \u0161aldyt\u0173 MRT magnet\u0173), viso ciklo MRT kriogenin\u0117s darb\u0173 (magnet\u0173 nu\u0161alinimas, \u0161altos galvut\u0117s, adsorberio, &hellip; <a href=\"https:\/\/emicomedika.com\/lt\/about-emico\/\" class=\"more-link\">Skaityti toliau: <span class=\"screen-reader-text\">Apie mus<\/span><\/a><\/p>\n","protected":false},"author":1,"featured_media":0,"parent":0,"menu_order":0,"comment_status":"closed","ping_status":"closed","template":"","meta":{"ngg_post_thumbnail":0},"yoast_head":"<!-- This site is optimized with the Yoast SEO plugin v20.10 - https:\/\/yoast.com\/wordpress\/plugins\/seo\/ -->\n<title>Apie mus | EMICO Medika | Medicinos \u012frangos tarnyba<\/title>\n<meta name=\"robots\" content=\"index, follow, max-snippet:-1, max-image-preview:large, max-video-preview:-1\" \/>\n<link rel=\"canonical\" href=\"https:\/\/emicomedika.com\/en\/about-emico\/\" \/>\n<meta property=\"og:locale\" content=\"lt_LT\" \/>\n<meta property=\"og:type\" content=\"article\" \/>\n<meta property=\"og:title\" content=\"Apie mus | EMICO Medika | Medicinos \u012frangos tarnyba\" \/>\n<meta property=\"og:description\" content=\"Emico Medika yra inovatyvi paslaug\u0173 \u012fmon\u0117, specializuojanti turnkey prie\u017ei\u016br\u0105 ir technin\u0119 param\u0105 MRT ir KT skeneriams. \u012ekurta 2015 metais, Emico Medika greitai peln\u0117 klient\u0173 pasitik\u0117jim\u0105 d\u0117l savo profesionalizmo ir d\u0117mesio smulkmenoms. Pagrindin\u0117s Emico Medika kryptys &#8211; CryoMobile (teikia nulines garavimo transportavimo galimybes \u0161aldyt\u0173 MRT magnet\u0173), viso ciklo MRT kriogenin\u0117s darb\u0173 (magnet\u0173 nu\u0161alinimas, \u0161altos galvut\u0117s, adsorberio, &hellip; Skaityti toliau: Apie mus\" \/>\n<meta property=\"og:url\" content=\"https:\/\/emicomedika.com\/en\/about-emico\/\" \/>\n<meta property=\"og:site_name\" content=\"EMICO Medika | Medicinos \u012frangos tarnyba\" \/>\n<meta property=\"article:publisher\" content=\"https:\/\/www.facebook.com\/emicomedika\/\" \/>\n<meta property=\"article:modified_time\" content=\"2024-03-22T14:19:51+00:00\" \/>\n<meta name=\"twitter:card\" content=\"summary_large_image\" \/>\n<meta name=\"twitter:label1\" content=\"Est. reading time\" \/>\n\t<meta name=\"twitter:data1\" content=\"5 minut\u0117s\" \/>\n<script type=\"application\/ld+json\" class=\"yoast-schema-graph\">{\"@context\":\"https:\/\/schema.org\",\"@graph\":[{\"@type\":\"WebPage\",\"@id\":\"https:\/\/emicomedika.com\/en\/about-emico\/\",\"url\":\"https:\/\/emicomedika.com\/en\/about-emico\/\",\"name\":\"Apie mus | EMICO Medika | Medicinos \u012frangos tarnyba\",\"isPartOf\":{\"@id\":\"https:\/\/emicomedika.com\/en\/#website\"},\"datePublished\":\"2015-08-21T13:24:35+00:00\",\"dateModified\":\"2024-03-22T14:19:51+00:00\",\"breadcrumb\":{\"@id\":\"https:\/\/emicomedika.com\/en\/about-emico\/#breadcrumb\"},\"inLanguage\":\"lt-LT\",\"potentialAction\":[{\"@type\":\"ReadAction\",\"target\":[\"https:\/\/emicomedika.com\/en\/about-emico\/\"]}]},{\"@type\":\"BreadcrumbList\",\"@id\":\"https:\/\/emicomedika.com\/en\/about-emico\/#breadcrumb\",\"itemListElement\":[{\"@type\":\"ListItem\",\"position\":1,\"name\":\"Home\",\"item\":\"https:\/\/emicomedika.com\/en\/\"},{\"@type\":\"ListItem\",\"position\":2,\"name\":\"About Emico Medika\"}]},{\"@type\":\"WebSite\",\"@id\":\"https:\/\/emicomedika.com\/en\/#website\",\"url\":\"https:\/\/emicomedika.com\/en\/\",\"name\":\"EmicoMedika\",\"description\":\"Med. \u012frangos aptarnavimas, remontas ir tiekimas\",\"publisher\":{\"@id\":\"https:\/\/emicomedika.com\/en\/#organization\"},\"potentialAction\":[{\"@type\":\"SearchAction\",\"target\":{\"@type\":\"EntryPoint\",\"urlTemplate\":\"https:\/\/emicomedika.com\/en\/?s={search_term_string}\"},\"query-input\":\"required name=search_term_string\"}],\"inLanguage\":\"lt-LT\"},{\"@type\":\"Organization\",\"@id\":\"https:\/\/emicomedika.com\/en\/#organization\",\"name\":\"EmicoMedika\",\"url\":\"https:\/\/emicomedika.com\/en\/\",\"logo\":{\"@type\":\"ImageObject\",\"inLanguage\":\"lt-LT\",\"@id\":\"https:\/\/emicomedika.com\/en\/#\/schema\/logo\/image\/\",\"url\":\"https:\/\/emicomedika.com\/wp-content\/uploads\/2015\/08\/Logo_EM_2784_1320.png\",\"contentUrl\":\"https:\/\/emicomedika.com\/wp-content\/uploads\/2015\/08\/Logo_EM_2784_1320.png\",\"width\":2784,\"height\":1320,\"caption\":\"EmicoMedika\"},\"image\":{\"@id\":\"https:\/\/emicomedika.com\/en\/#\/schema\/logo\/image\/\"},\"sameAs\":[\"https:\/\/www.facebook.com\/emicomedika\/\"]}]}<\/script>\n<!-- \/ Yoast SEO plugin. -->","yoast_head_json":{"title":"Apie mus | EMICO Medika | Medicinos \u012frangos tarnyba","robots":{"index":"index","follow":"follow","max-snippet":"max-snippet:-1","max-image-preview":"max-image-preview:large","max-video-preview":"max-video-preview:-1"},"canonical":"https:\/\/emicomedika.com\/en\/about-emico\/","og_locale":"lt_LT","og_type":"article","og_title":"Apie mus | EMICO Medika | Medicinos \u012frangos tarnyba","og_description":"Emico Medika yra inovatyvi paslaug\u0173 \u012fmon\u0117, specializuojanti turnkey prie\u017ei\u016br\u0105 ir technin\u0119 param\u0105 MRT ir KT skeneriams. \u012ekurta 2015 metais, Emico Medika greitai peln\u0117 klient\u0173 pasitik\u0117jim\u0105 d\u0117l savo profesionalizmo ir d\u0117mesio smulkmenoms. Pagrindin\u0117s Emico Medika kryptys &#8211; CryoMobile (teikia nulines garavimo transportavimo galimybes \u0161aldyt\u0173 MRT magnet\u0173), viso ciklo MRT kriogenin\u0117s darb\u0173 (magnet\u0173 nu\u0161alinimas, \u0161altos galvut\u0117s, adsorberio, &hellip; Skaityti toliau: Apie mus","og_url":"https:\/\/emicomedika.com\/en\/about-emico\/","og_site_name":"EMICO Medika | Medicinos \u012frangos tarnyba","article_publisher":"https:\/\/www.facebook.com\/emicomedika\/","article_modified_time":"2024-03-22T14:19:51+00:00","twitter_card":"summary_large_image","twitter_misc":{"Est. reading time":"5 minut\u0117s"},"schema":{"@context":"https:\/\/schema.org","@graph":[{"@type":"WebPage","@id":"https:\/\/emicomedika.com\/en\/about-emico\/","url":"https:\/\/emicomedika.com\/en\/about-emico\/","name":"Apie mus | EMICO Medika | Medicinos \u012frangos tarnyba","isPartOf":{"@id":"https:\/\/emicomedika.com\/en\/#website"},"datePublished":"2015-08-21T13:24:35+00:00","dateModified":"2024-03-22T14:19:51+00:00","breadcrumb":{"@id":"https:\/\/emicomedika.com\/en\/about-emico\/#breadcrumb"},"inLanguage":"lt-LT","potentialAction":[{"@type":"ReadAction","target":["https:\/\/emicomedika.com\/en\/about-emico\/"]}]},{"@type":"BreadcrumbList","@id":"https:\/\/emicomedika.com\/en\/about-emico\/#breadcrumb","itemListElement":[{"@type":"ListItem","position":1,"name":"Home","item":"https:\/\/emicomedika.com\/en\/"},{"@type":"ListItem","position":2,"name":"About Emico Medika"}]},{"@type":"WebSite","@id":"https:\/\/emicomedika.com\/en\/#website","url":"https:\/\/emicomedika.com\/en\/","name":"EmicoMedika","description":"Med. \u012frangos aptarnavimas, remontas ir tiekimas","publisher":{"@id":"https:\/\/emicomedika.com\/en\/#organization"},"potentialAction":[{"@type":"SearchAction","target":{"@type":"EntryPoint","urlTemplate":"https:\/\/emicomedika.com\/en\/?s={search_term_string}"},"query-input":"required name=search_term_string"}],"inLanguage":"lt-LT"},{"@type":"Organization","@id":"https:\/\/emicomedika.com\/en\/#organization","name":"EmicoMedika","url":"https:\/\/emicomedika.com\/en\/","logo":{"@type":"ImageObject","inLanguage":"lt-LT","@id":"https:\/\/emicomedika.com\/en\/#\/schema\/logo\/image\/","url":"https:\/\/emicomedika.com\/wp-content\/uploads\/2015\/08\/Logo_EM_2784_1320.png","contentUrl":"https:\/\/emicomedika.com\/wp-content\/uploads\/2015\/08\/Logo_EM_2784_1320.png","width":2784,"height":1320,"caption":"EmicoMedika"},"image":{"@id":"https:\/\/emicomedika.com\/en\/#\/schema\/logo\/image\/"},"sameAs":["https:\/\/www.facebook.com\/emicomedika\/"]}]}},"_links":{"self":[{"href":"https:\/\/emicomedika.com\/lt\/wp-json\/wp\/v2\/pages\/9"}],"collection":[{"href":"https:\/\/emicomedika.com\/lt\/wp-json\/wp\/v2\/pages"}],"about":[{"href":"https:\/\/emicomedika.com\/lt\/wp-json\/wp\/v2\/types\/page"}],"author":[{"embeddable":true,"href":"https:\/\/emicomedika.com\/lt\/wp-json\/wp\/v2\/users\/1"}],"replies":[{"embeddable":true,"href":"https:\/\/emicomedika.com\/lt\/wp-json\/wp\/v2\/comments?post=9"}],"version-history":[{"count":101,"href":"https:\/\/emicomedika.com\/lt\/wp-json\/wp\/v2\/pages\/9\/revisions"}],"predecessor-version":[{"id":1917,"href":"https:\/\/emicomedika.com\/lt\/wp-json\/wp\/v2\/pages\/9\/revisions\/1917"}],"wp:attachment":[{"href":"https:\/\/emicomedika.com\/lt\/wp-json\/wp\/v2\/media?parent=9"}],"curies":[{"name":"wp","href":"https:\/\/api.w.org\/{rel}","templated":true}]}}