{"id":11,"date":"2015-08-21T16:24:49","date_gmt":"2015-08-21T13:24:49","guid":{"rendered":"http:\/\/emicomedika.com\/?page_id=11"},"modified":"2019-06-17T18:56:34","modified_gmt":"2019-06-17T15:56:34","slug":"work-gallery","status":"publish","type":"page","link":"https:\/\/emicomedika.com\/pl\/work-gallery\/","title":{"rendered":"REALIZACJE"},"content":{"rendered":"<p>Sukcesywnie zrealizowali\u015bmy wiele projekt\u00f3w w takich krajach jak Azerbejd\u017can, Armenia, Bu\u0142garia, Gruzja, Polska, Rosja, Rumunia, Tad\u017cykistan i Ukraina. Poni\u017cej\u00a0 znajd\u0105 Pa\u0144stwo zdj\u0119cia instalacji KT, RM, serwisu i naprawy, kompletne rozwi\u0105zania &#8222;pod klucz&#8221; , Klatki Faradaya itp.<\/p>\n<p>&nbsp;<\/p>\n<p style=\"text-align: center;\"><strong>Zapraszamy do obejrzenia naszej galerii. Aby wy\u015bwietli\u0107 zdj\u0119cia w ka\u017cdej kategorii, kliknij dowoln\u0105 miniatur\u0119 poni\u017cej.<\/strong><\/p>\n<p><\/p>","protected":false},"excerpt":{"rendered":"<p>Sukcesywnie zrealizowali\u015bmy wiele projekt\u00f3w w takich krajach jak Azerbejd\u017can, Armenia, Bu\u0142garia, Gruzja, Polska, Rosja, Rumunia, Tad\u017cykistan i Ukraina. Poni\u017cej\u00a0 znajd\u0105 Pa\u0144stwo zdj\u0119cia instalacji KT, RM, serwisu i naprawy, kompletne rozwi\u0105zania &#8222;pod klucz&#8221; , Klatki Faradaya itp. &nbsp; Zapraszamy do obejrzenia naszej galerii. Aby wy\u015bwietli\u0107 zdj\u0119cia w ka\u017cdej kategorii, kliknij dowoln\u0105 miniatur\u0119 poni\u017cej.<\/p>\n","protected":false},"author":1,"featured_media":0,"parent":0,"menu_order":0,"comment_status":"closed","ping_status":"closed","template":"darbai.php","meta":{"ngg_post_thumbnail":0},"yoast_head":"<!-- This site is optimized with the Yoast SEO plugin v20.10 - https:\/\/yoast.com\/wordpress\/plugins\/seo\/ -->\n<title>REALIZACJE | EMICO Medika | Imaging Equipment Service<\/title>\n<meta name=\"robots\" content=\"index, follow, max-snippet:-1, max-image-preview:large, max-video-preview:-1\" \/>\n<link rel=\"canonical\" href=\"https:\/\/emicomedika.com\/en\/work-gallery\/\" \/>\n<meta property=\"og:locale\" content=\"pl_PL\" \/>\n<meta property=\"og:type\" content=\"article\" \/>\n<meta property=\"og:title\" content=\"REALIZACJE | EMICO Medika | Imaging Equipment Service\" \/>\n<meta property=\"og:description\" content=\"Sukcesywnie zrealizowali\u015bmy wiele projekt\u00f3w w takich krajach jak Azerbejd\u017can, Armenia, Bu\u0142garia, Gruzja, Polska, Rosja, Rumunia, Tad\u017cykistan i Ukraina. Poni\u017cej\u00a0 znajd\u0105 Pa\u0144stwo zdj\u0119cia instalacji KT, RM, serwisu i naprawy, kompletne rozwi\u0105zania &#8222;pod klucz&#8221; , Klatki Faradaya itp. &nbsp; Zapraszamy do obejrzenia naszej galerii. Aby wy\u015bwietli\u0107 zdj\u0119cia w ka\u017cdej kategorii, kliknij dowoln\u0105 miniatur\u0119 poni\u017cej.\" \/>\n<meta property=\"og:url\" content=\"https:\/\/emicomedika.com\/en\/work-gallery\/\" \/>\n<meta property=\"og:site_name\" content=\"EMICO Medika | Imaging Equipment Service\" \/>\n<meta property=\"article:publisher\" content=\"https:\/\/www.facebook.com\/emicomedika\/\" \/>\n<meta property=\"article:modified_time\" content=\"2019-06-17T15:56:34+00:00\" \/>\n<meta name=\"twitter:card\" content=\"summary_large_image\" \/>\n<meta name=\"twitter:label1\" content=\"Szacowany czas czytania\" \/>\n\t<meta name=\"twitter:data1\" content=\"2 minuty\" \/>\n<script type=\"application\/ld+json\" class=\"yoast-schema-graph\">{\"@context\":\"https:\/\/schema.org\",\"@graph\":[{\"@type\":\"WebPage\",\"@id\":\"https:\/\/emicomedika.com\/en\/work-gallery\/\",\"url\":\"https:\/\/emicomedika.com\/en\/work-gallery\/\",\"name\":\"REALIZACJE | EMICO Medika | Imaging Equipment Service\",\"isPartOf\":{\"@id\":\"https:\/\/emicomedika.com\/en\/#website\"},\"datePublished\":\"2015-08-21T13:24:49+00:00\",\"dateModified\":\"2019-06-17T15:56:34+00:00\",\"breadcrumb\":{\"@id\":\"https:\/\/emicomedika.com\/en\/work-gallery\/#breadcrumb\"},\"inLanguage\":\"pl-PL\",\"potentialAction\":[{\"@type\":\"ReadAction\",\"target\":[\"https:\/\/emicomedika.com\/en\/work-gallery\/\"]}]},{\"@type\":\"BreadcrumbList\",\"@id\":\"https:\/\/emicomedika.com\/en\/work-gallery\/#breadcrumb\",\"itemListElement\":[{\"@type\":\"ListItem\",\"position\":1,\"name\":\"Home\",\"item\":\"https:\/\/emicomedika.com\/en\/\"},{\"@type\":\"ListItem\",\"position\":2,\"name\":\"Work gallery\"}]},{\"@type\":\"WebSite\",\"@id\":\"https:\/\/emicomedika.com\/en\/#website\",\"url\":\"https:\/\/emicomedika.com\/en\/\",\"name\":\"EmicoMedika\",\"description\":\"Service, sale and repair - MRI, CT, XP\",\"publisher\":{\"@id\":\"https:\/\/emicomedika.com\/en\/#organization\"},\"potentialAction\":[{\"@type\":\"SearchAction\",\"target\":{\"@type\":\"EntryPoint\",\"urlTemplate\":\"https:\/\/emicomedika.com\/en\/?s={search_term_string}\"},\"query-input\":\"required name=search_term_string\"}],\"inLanguage\":\"pl-PL\"},{\"@type\":\"Organization\",\"@id\":\"https:\/\/emicomedika.com\/en\/#organization\",\"name\":\"EmicoMedika\",\"url\":\"https:\/\/emicomedika.com\/en\/\",\"logo\":{\"@type\":\"ImageObject\",\"inLanguage\":\"pl-PL\",\"@id\":\"https:\/\/emicomedika.com\/en\/#\/schema\/logo\/image\/\",\"url\":\"https:\/\/emicomedika.com\/wp-content\/uploads\/2015\/08\/Logo_EM_2784_1320.png\",\"contentUrl\":\"https:\/\/emicomedika.com\/wp-content\/uploads\/2015\/08\/Logo_EM_2784_1320.png\",\"width\":2784,\"height\":1320,\"caption\":\"EmicoMedika\"},\"image\":{\"@id\":\"https:\/\/emicomedika.com\/en\/#\/schema\/logo\/image\/\"},\"sameAs\":[\"https:\/\/www.facebook.com\/emicomedika\/\"]}]}<\/script>\n<!-- \/ Yoast SEO plugin. -->","yoast_head_json":{"title":"REALIZACJE | EMICO Medika | Imaging Equipment Service","robots":{"index":"index","follow":"follow","max-snippet":"max-snippet:-1","max-image-preview":"max-image-preview:large","max-video-preview":"max-video-preview:-1"},"canonical":"https:\/\/emicomedika.com\/en\/work-gallery\/","og_locale":"pl_PL","og_type":"article","og_title":"REALIZACJE | EMICO Medika | Imaging Equipment Service","og_description":"Sukcesywnie zrealizowali\u015bmy wiele projekt\u00f3w w takich krajach jak Azerbejd\u017can, Armenia, Bu\u0142garia, Gruzja, Polska, Rosja, Rumunia, Tad\u017cykistan i Ukraina. Poni\u017cej\u00a0 znajd\u0105 Pa\u0144stwo zdj\u0119cia instalacji KT, RM, serwisu i naprawy, kompletne rozwi\u0105zania &#8222;pod klucz&#8221; , Klatki Faradaya itp. &nbsp; Zapraszamy do obejrzenia naszej galerii. Aby wy\u015bwietli\u0107 zdj\u0119cia w ka\u017cdej kategorii, kliknij dowoln\u0105 miniatur\u0119 poni\u017cej.","og_url":"https:\/\/emicomedika.com\/en\/work-gallery\/","og_site_name":"EMICO Medika | Imaging Equipment Service","article_publisher":"https:\/\/www.facebook.com\/emicomedika\/","article_modified_time":"2019-06-17T15:56:34+00:00","twitter_card":"summary_large_image","twitter_misc":{"Szacowany czas czytania":"2 minuty"},"schema":{"@context":"https:\/\/schema.org","@graph":[{"@type":"WebPage","@id":"https:\/\/emicomedika.com\/en\/work-gallery\/","url":"https:\/\/emicomedika.com\/en\/work-gallery\/","name":"REALIZACJE | EMICO Medika | Imaging Equipment Service","isPartOf":{"@id":"https:\/\/emicomedika.com\/en\/#website"},"datePublished":"2015-08-21T13:24:49+00:00","dateModified":"2019-06-17T15:56:34+00:00","breadcrumb":{"@id":"https:\/\/emicomedika.com\/en\/work-gallery\/#breadcrumb"},"inLanguage":"pl-PL","potentialAction":[{"@type":"ReadAction","target":["https:\/\/emicomedika.com\/en\/work-gallery\/"]}]},{"@type":"BreadcrumbList","@id":"https:\/\/emicomedika.com\/en\/work-gallery\/#breadcrumb","itemListElement":[{"@type":"ListItem","position":1,"name":"Home","item":"https:\/\/emicomedika.com\/en\/"},{"@type":"ListItem","position":2,"name":"Work gallery"}]},{"@type":"WebSite","@id":"https:\/\/emicomedika.com\/en\/#website","url":"https:\/\/emicomedika.com\/en\/","name":"EmicoMedika","description":"Service, sale and repair - MRI, CT, XP","publisher":{"@id":"https:\/\/emicomedika.com\/en\/#organization"},"potentialAction":[{"@type":"SearchAction","target":{"@type":"EntryPoint","urlTemplate":"https:\/\/emicomedika.com\/en\/?s={search_term_string}"},"query-input":"required name=search_term_string"}],"inLanguage":"pl-PL"},{"@type":"Organization","@id":"https:\/\/emicomedika.com\/en\/#organization","name":"EmicoMedika","url":"https:\/\/emicomedika.com\/en\/","logo":{"@type":"ImageObject","inLanguage":"pl-PL","@id":"https:\/\/emicomedika.com\/en\/#\/schema\/logo\/image\/","url":"https:\/\/emicomedika.com\/wp-content\/uploads\/2015\/08\/Logo_EM_2784_1320.png","contentUrl":"https:\/\/emicomedika.com\/wp-content\/uploads\/2015\/08\/Logo_EM_2784_1320.png","width":2784,"height":1320,"caption":"EmicoMedika"},"image":{"@id":"https:\/\/emicomedika.com\/en\/#\/schema\/logo\/image\/"},"sameAs":["https:\/\/www.facebook.com\/emicomedika\/"]}]}},"_links":{"self":[{"href":"https:\/\/emicomedika.com\/pl\/wp-json\/wp\/v2\/pages\/11"}],"collection":[{"href":"https:\/\/emicomedika.com\/pl\/wp-json\/wp\/v2\/pages"}],"about":[{"href":"https:\/\/emicomedika.com\/pl\/wp-json\/wp\/v2\/types\/page"}],"author":[{"embeddable":true,"href":"https:\/\/emicomedika.com\/pl\/wp-json\/wp\/v2\/users\/1"}],"replies":[{"embeddable":true,"href":"https:\/\/emicomedika.com\/pl\/wp-json\/wp\/v2\/comments?post=11"}],"version-history":[{"count":44,"href":"https:\/\/emicomedika.com\/pl\/wp-json\/wp\/v2\/pages\/11\/revisions"}],"predecessor-version":[{"id":1803,"href":"https:\/\/emicomedika.com\/pl\/wp-json\/wp\/v2\/pages\/11\/revisions\/1803"}],"wp:attachment":[{"href":"https:\/\/emicomedika.com\/pl\/wp-json\/wp\/v2\/media?parent=11"}],"curies":[{"name":"wp","href":"https:\/\/api.w.org\/{rel}","templated":true}]}}