{"id":45,"date":"2015-08-25T15:44:07","date_gmt":"2015-08-25T12:44:07","guid":{"rendered":"http:\/\/emicomedika.com\/?page_id=45"},"modified":"2025-04-11T16:13:20","modified_gmt":"2025-04-11T13:13:20","slug":"mri-de-icing-equipment","status":"publish","type":"page","link":"https:\/\/emicomedika.com\/pl\/services\/mri-de-icing-equipment\/","title":{"rendered":"Urz\u0105dzenia do odladzania MRI"},"content":{"rendered":"<p>Rewolucyjny sprz\u0119t do odladzania MRI od Emico Medika<br \/>\nEmico Medika to pionier w dziedzinie diagnostyki obrazowej, oferuj\u0105cy nowoczesne rozwi\u0105zania stworzone specjalnie do odladzania MRI. Nasze urz\u0105dzenia zapewniaj\u0105 najwy\u017csz\u0105 precyzj\u0119 i niezawodno\u015b\u0107.<\/p>\n<p>Oferujemy kompletne zestawy sprz\u0119tu do odladzania, odpowiednie dla wszystkich typ\u00f3w magnes\u00f3w. Do zestaw\u00f3w do\u0142\u0105czone s\u0105 instrukcje obs\u0142ugi i materia\u0142y wideo, kt\u00f3re u\u0142atwiaj\u0105 wdro\u017cenie.<\/p>\n<p>Odladzanie to kluczowy etap konserwacji MRI. Sprz\u0119t Emico Medika usprawnia ten proces, redukuje artefakty ruchu i poprawia wydajno\u015b\u0107 diagnostyczn\u0105.<\/p>\n<p>Emico Medika \u2013 gdy liczy si\u0119 jako\u015b\u0107 i innowacja.<\/p>","protected":false},"excerpt":{"rendered":"<p>Rewolucyjny sprz\u0119t do odladzania MRI od Emico Medika Emico Medika to pionier w dziedzinie diagnostyki obrazowej, oferuj\u0105cy nowoczesne rozwi\u0105zania stworzone specjalnie do odladzania MRI. Nasze urz\u0105dzenia zapewniaj\u0105 najwy\u017csz\u0105 precyzj\u0119 i niezawodno\u015b\u0107. Oferujemy kompletne zestawy sprz\u0119tu do odladzania, odpowiednie dla wszystkich typ\u00f3w magnes\u00f3w. Do zestaw\u00f3w do\u0142\u0105czone s\u0105 instrukcje obs\u0142ugi i materia\u0142y wideo, kt\u00f3re u\u0142atwiaj\u0105 wdro\u017cenie. Odladzanie &hellip; <a href=\"https:\/\/emicomedika.com\/pl\/services\/mri-de-icing-equipment\/\" class=\"more-link\">Continue reading <span class=\"screen-reader-text\">Urz\u0105dzenia do odladzania MRI<\/span><\/a><\/p>\n","protected":false},"author":1,"featured_media":57,"parent":5,"menu_order":2,"comment_status":"closed","ping_status":"closed","template":"paslaugos.php","meta":{"ngg_post_thumbnail":0},"yoast_head":"<!-- This site is optimized with the Yoast SEO plugin v20.10 - https:\/\/yoast.com\/wordpress\/plugins\/seo\/ -->\n<title>Urz\u0105dzenia do odladzania MRI | EMICO Medika | Imaging Equipment Service<\/title>\n<meta name=\"robots\" content=\"index, follow, max-snippet:-1, max-image-preview:large, max-video-preview:-1\" \/>\n<link rel=\"canonical\" href=\"https:\/\/emicomedika.com\/services\/mri-de-icing-equipment\/\" \/>\n<meta property=\"og:locale\" content=\"pl_PL\" \/>\n<meta property=\"og:type\" content=\"article\" \/>\n<meta property=\"og:title\" content=\"Urz\u0105dzenia do odladzania MRI | EMICO Medika | Imaging Equipment Service\" \/>\n<meta property=\"og:description\" content=\"Rewolucyjny sprz\u0119t do odladzania MRI od Emico Medika Emico Medika to pionier w dziedzinie diagnostyki obrazowej, oferuj\u0105cy nowoczesne rozwi\u0105zania stworzone specjalnie do odladzania MRI. Nasze urz\u0105dzenia zapewniaj\u0105 najwy\u017csz\u0105 precyzj\u0119 i niezawodno\u015b\u0107. Oferujemy kompletne zestawy sprz\u0119tu do odladzania, odpowiednie dla wszystkich typ\u00f3w magnes\u00f3w. Do zestaw\u00f3w do\u0142\u0105czone s\u0105 instrukcje obs\u0142ugi i materia\u0142y wideo, kt\u00f3re u\u0142atwiaj\u0105 wdro\u017cenie. Odladzanie &hellip; Continue reading Urz\u0105dzenia do odladzania MRI\" \/>\n<meta property=\"og:url\" content=\"https:\/\/emicomedika.com\/services\/mri-de-icing-equipment\/\" \/>\n<meta property=\"og:site_name\" content=\"EMICO Medika | Imaging Equipment Service\" \/>\n<meta property=\"article:publisher\" content=\"https:\/\/www.facebook.com\/emicomedika\/\" \/>\n<meta property=\"article:modified_time\" content=\"2025-04-11T13:13:20+00:00\" \/>\n<meta property=\"og:image\" content=\"https:\/\/emicomedika.com\/wp-content\/uploads\/2015\/08\/ctmri.png\" \/>\n\t<meta property=\"og:image:width\" content=\"288\" \/>\n\t<meta property=\"og:image:height\" content=\"170\" \/>\n\t<meta property=\"og:image:type\" content=\"image\/png\" \/>\n<meta name=\"twitter:card\" content=\"summary_large_image\" \/>\n<meta name=\"twitter:label1\" content=\"Szacowany czas czytania\" \/>\n\t<meta name=\"twitter:data1\" content=\"2 minuty\" \/>\n<script type=\"application\/ld+json\" class=\"yoast-schema-graph\">{\"@context\":\"https:\/\/schema.org\",\"@graph\":[{\"@type\":\"WebPage\",\"@id\":\"https:\/\/emicomedika.com\/services\/mri-de-icing-equipment\/\",\"url\":\"https:\/\/emicomedika.com\/services\/mri-de-icing-equipment\/\",\"name\":\"Urz\u0105dzenia do odladzania MRI | EMICO Medika | Imaging Equipment Service\",\"isPartOf\":{\"@id\":\"https:\/\/emicomedika.com\/en\/#website\"},\"datePublished\":\"2015-08-25T12:44:07+00:00\",\"dateModified\":\"2025-04-11T13:13:20+00:00\",\"breadcrumb\":{\"@id\":\"https:\/\/emicomedika.com\/services\/mri-de-icing-equipment\/#breadcrumb\"},\"inLanguage\":\"pl-PL\",\"potentialAction\":[{\"@type\":\"ReadAction\",\"target\":[\"https:\/\/emicomedika.com\/services\/mri-de-icing-equipment\/\"]}]},{\"@type\":\"BreadcrumbList\",\"@id\":\"https:\/\/emicomedika.com\/services\/mri-de-icing-equipment\/#breadcrumb\",\"itemListElement\":[{\"@type\":\"ListItem\",\"position\":1,\"name\":\"Home\",\"item\":\"https:\/\/emicomedika.com\/en\/\"},{\"@type\":\"ListItem\",\"position\":2,\"name\":\"\u041d\u0430\u0448\u0438 \u0443\u0441\u043b\u0443\u0433\u0438\",\"item\":\"https:\/\/emicomedika.com\/services\/\"},{\"@type\":\"ListItem\",\"position\":3,\"name\":\"\u041e\u0431\u043e\u0440\u0443\u0434\u043e\u0432\u0430\u043d\u0438\u0435 \u0434\u043b\u044f \u043f\u0440\u043e\u0432\u0435\u0434\u0435\u043d\u0438\u044f \u0434\u0435\u0430\u0439\u0441\u0438\u043d\u0433\u0430 \u0432 \u041c\u0420\u0422\"}]},{\"@type\":\"WebSite\",\"@id\":\"https:\/\/emicomedika.com\/en\/#website\",\"url\":\"https:\/\/emicomedika.com\/en\/\",\"name\":\"EmicoMedika\",\"description\":\"Service, sale and repair - MRI, CT, XP\",\"publisher\":{\"@id\":\"https:\/\/emicomedika.com\/en\/#organization\"},\"potentialAction\":[{\"@type\":\"SearchAction\",\"target\":{\"@type\":\"EntryPoint\",\"urlTemplate\":\"https:\/\/emicomedika.com\/en\/?s={search_term_string}\"},\"query-input\":\"required name=search_term_string\"}],\"inLanguage\":\"pl-PL\"},{\"@type\":\"Organization\",\"@id\":\"https:\/\/emicomedika.com\/en\/#organization\",\"name\":\"EmicoMedika\",\"url\":\"https:\/\/emicomedika.com\/en\/\",\"logo\":{\"@type\":\"ImageObject\",\"inLanguage\":\"pl-PL\",\"@id\":\"https:\/\/emicomedika.com\/en\/#\/schema\/logo\/image\/\",\"url\":\"https:\/\/emicomedika.com\/wp-content\/uploads\/2015\/08\/Logo_EM_2784_1320.png\",\"contentUrl\":\"https:\/\/emicomedika.com\/wp-content\/uploads\/2015\/08\/Logo_EM_2784_1320.png\",\"width\":2784,\"height\":1320,\"caption\":\"EmicoMedika\"},\"image\":{\"@id\":\"https:\/\/emicomedika.com\/en\/#\/schema\/logo\/image\/\"},\"sameAs\":[\"https:\/\/www.facebook.com\/emicomedika\/\"]}]}<\/script>\n<!-- \/ Yoast SEO plugin. -->","yoast_head_json":{"title":"Urz\u0105dzenia do odladzania MRI | EMICO Medika | Imaging Equipment Service","robots":{"index":"index","follow":"follow","max-snippet":"max-snippet:-1","max-image-preview":"max-image-preview:large","max-video-preview":"max-video-preview:-1"},"canonical":"https:\/\/emicomedika.com\/services\/mri-de-icing-equipment\/","og_locale":"pl_PL","og_type":"article","og_title":"Urz\u0105dzenia do odladzania MRI | EMICO Medika | Imaging Equipment Service","og_description":"Rewolucyjny sprz\u0119t do odladzania MRI od Emico Medika Emico Medika to pionier w dziedzinie diagnostyki obrazowej, oferuj\u0105cy nowoczesne rozwi\u0105zania stworzone specjalnie do odladzania MRI. Nasze urz\u0105dzenia zapewniaj\u0105 najwy\u017csz\u0105 precyzj\u0119 i niezawodno\u015b\u0107. Oferujemy kompletne zestawy sprz\u0119tu do odladzania, odpowiednie dla wszystkich typ\u00f3w magnes\u00f3w. Do zestaw\u00f3w do\u0142\u0105czone s\u0105 instrukcje obs\u0142ugi i materia\u0142y wideo, kt\u00f3re u\u0142atwiaj\u0105 wdro\u017cenie. Odladzanie &hellip; Continue reading Urz\u0105dzenia do odladzania MRI","og_url":"https:\/\/emicomedika.com\/services\/mri-de-icing-equipment\/","og_site_name":"EMICO Medika | Imaging Equipment Service","article_publisher":"https:\/\/www.facebook.com\/emicomedika\/","article_modified_time":"2025-04-11T13:13:20+00:00","og_image":[{"width":288,"height":170,"url":"https:\/\/emicomedika.com\/wp-content\/uploads\/2015\/08\/ctmri.png","type":"image\/png"}],"twitter_card":"summary_large_image","twitter_misc":{"Szacowany czas czytania":"2 minuty"},"schema":{"@context":"https:\/\/schema.org","@graph":[{"@type":"WebPage","@id":"https:\/\/emicomedika.com\/services\/mri-de-icing-equipment\/","url":"https:\/\/emicomedika.com\/services\/mri-de-icing-equipment\/","name":"Urz\u0105dzenia do odladzania MRI | EMICO Medika | Imaging Equipment Service","isPartOf":{"@id":"https:\/\/emicomedika.com\/en\/#website"},"datePublished":"2015-08-25T12:44:07+00:00","dateModified":"2025-04-11T13:13:20+00:00","breadcrumb":{"@id":"https:\/\/emicomedika.com\/services\/mri-de-icing-equipment\/#breadcrumb"},"inLanguage":"pl-PL","potentialAction":[{"@type":"ReadAction","target":["https:\/\/emicomedika.com\/services\/mri-de-icing-equipment\/"]}]},{"@type":"BreadcrumbList","@id":"https:\/\/emicomedika.com\/services\/mri-de-icing-equipment\/#breadcrumb","itemListElement":[{"@type":"ListItem","position":1,"name":"Home","item":"https:\/\/emicomedika.com\/en\/"},{"@type":"ListItem","position":2,"name":"\u041d\u0430\u0448\u0438 \u0443\u0441\u043b\u0443\u0433\u0438","item":"https:\/\/emicomedika.com\/services\/"},{"@type":"ListItem","position":3,"name":"\u041e\u0431\u043e\u0440\u0443\u0434\u043e\u0432\u0430\u043d\u0438\u0435 \u0434\u043b\u044f \u043f\u0440\u043e\u0432\u0435\u0434\u0435\u043d\u0438\u044f \u0434\u0435\u0430\u0439\u0441\u0438\u043d\u0433\u0430 \u0432 \u041c\u0420\u0422"}]},{"@type":"WebSite","@id":"https:\/\/emicomedika.com\/en\/#website","url":"https:\/\/emicomedika.com\/en\/","name":"EmicoMedika","description":"Service, sale and repair - MRI, CT, XP","publisher":{"@id":"https:\/\/emicomedika.com\/en\/#organization"},"potentialAction":[{"@type":"SearchAction","target":{"@type":"EntryPoint","urlTemplate":"https:\/\/emicomedika.com\/en\/?s={search_term_string}"},"query-input":"required name=search_term_string"}],"inLanguage":"pl-PL"},{"@type":"Organization","@id":"https:\/\/emicomedika.com\/en\/#organization","name":"EmicoMedika","url":"https:\/\/emicomedika.com\/en\/","logo":{"@type":"ImageObject","inLanguage":"pl-PL","@id":"https:\/\/emicomedika.com\/en\/#\/schema\/logo\/image\/","url":"https:\/\/emicomedika.com\/wp-content\/uploads\/2015\/08\/Logo_EM_2784_1320.png","contentUrl":"https:\/\/emicomedika.com\/wp-content\/uploads\/2015\/08\/Logo_EM_2784_1320.png","width":2784,"height":1320,"caption":"EmicoMedika"},"image":{"@id":"https:\/\/emicomedika.com\/en\/#\/schema\/logo\/image\/"},"sameAs":["https:\/\/www.facebook.com\/emicomedika\/"]}]}},"_links":{"self":[{"href":"https:\/\/emicomedika.com\/pl\/wp-json\/wp\/v2\/pages\/45"}],"collection":[{"href":"https:\/\/emicomedika.com\/pl\/wp-json\/wp\/v2\/pages"}],"about":[{"href":"https:\/\/emicomedika.com\/pl\/wp-json\/wp\/v2\/types\/page"}],"author":[{"embeddable":true,"href":"https:\/\/emicomedika.com\/pl\/wp-json\/wp\/v2\/users\/1"}],"replies":[{"embeddable":true,"href":"https:\/\/emicomedika.com\/pl\/wp-json\/wp\/v2\/comments?post=45"}],"version-history":[{"count":18,"href":"https:\/\/emicomedika.com\/pl\/wp-json\/wp\/v2\/pages\/45\/revisions"}],"predecessor-version":[{"id":1940,"href":"https:\/\/emicomedika.com\/pl\/wp-json\/wp\/v2\/pages\/45\/revisions\/1940"}],"up":[{"embeddable":true,"href":"https:\/\/emicomedika.com\/pl\/wp-json\/wp\/v2\/pages\/5"}],"wp:featuredmedia":[{"embeddable":true,"href":"https:\/\/emicomedika.com\/pl\/wp-json\/wp\/v2\/media\/57"}],"wp:attachment":[{"href":"https:\/\/emicomedika.com\/pl\/wp-json\/wp\/v2\/media?parent=45"}],"curies":[{"name":"wp","href":"https:\/\/api.w.org\/{rel}","templated":true}]}}