{"id":47,"date":"2015-08-25T15:44:47","date_gmt":"2015-08-25T12:44:47","guid":{"rendered":"http:\/\/emicomedika.com\/?page_id=47"},"modified":"2025-04-11T13:32:41","modified_gmt":"2025-04-11T10:32:41","slug":"mri-turnkey-solutions","status":"publish","type":"page","link":"https:\/\/emicomedika.com\/pl\/services\/mri-turnkey-solutions\/","title":{"rendered":"MRI projekty &#8222;pod klucz&#8221; mri"},"content":{"rendered":"<p>Emico Medika to pionierska firma w dziedzinie obrazowania medycznego, oferuj\u0105ca kompleksowe rozwi\u0105zania \u201epod klucz\u201d dla projekt\u00f3w rezonansu magnetycznego (MRI) i tomografii komputerowej (CT). Ich holistyczne podej\u015bcie obejmuje dok\u0142adn\u0105 inspekcj\u0119, planowanie, instalacj\u0119, konserwacj\u0119 i innowacyjne elementy projektowe, co czyni ich liderem w tej bran\u017cy.<\/p>\n<p>Dok\u0142adna inspekcja sprz\u0119tu medycznego:<br \/>\nEmico Medika rozpoczyna swoje projekty \u201epod klucz\u201d od kompleksowej inspekcji sprz\u0119tu medycznego. Ten kluczowy etap zapewnia dog\u0142\u0119bne zrozumienie istniej\u0105cej infrastruktury, umo\u017cliwiaj\u0105c dostosowanie rozwi\u0105za\u0144 na kolejnych etapach projektu.<\/p>\n<p>Ci\u0105g\u0142a konserwacja i serwis MRI oraz CT:<br \/>\nFirma zapewnia regularn\u0105 konserwacj\u0119 i serwis system\u00f3w MRI i CT, gwarantuj\u0105c ich optymalne dzia\u0142anie. Regularne przegl\u0105dy i profilaktyczna konserwacja s\u0105 integraln\u0105 cz\u0119\u015bci\u0105 zobowi\u0105zania Emico Medika do d\u0142ugowieczno\u015bci i niezawodno\u015bci system\u00f3w.<\/p>\n<p>Kompletny monta\u017c systemu:<br \/>\nEmico Medika nadzoruje pe\u0142n\u0105 instalacj\u0119 system\u00f3w MRI i CT. Ich do\u015bwiadczeni technicy stosuj\u0105 najlepsze praktyki bran\u017cowe, aby zapewni\u0107 precyzyjn\u0105 i efektywn\u0105 instalacj\u0119 zgodnie z wymaganiami ka\u017cdego klienta.<\/p>\n<p>Bezproblemowa dezinstalacja starych system\u00f3w:<br \/>\nWycofywanie starszych system\u00f3w jest p\u0142ynnie realizowane przez Emico Medika w ramach ich kompleksowych rozwi\u0105za\u0144. Usuwanie i odpowiedzialna utylizacja przestarza\u0142ego sprz\u0119tu odbywa si\u0119 z najwy\u017csz\u0105 staranno\u015bci\u0105 i zgodnie z przepisami dotycz\u0105cymi ochrony \u015brodowiska.<\/p>\n<p>Kompleksowe planowanie przestrzeni:<br \/>\nEmico Medika stosuje holistyczne podej\u015bcie do planowania przestrzeni, uwzgl\u0119dniaj\u0105c aspekty takie jak wykorzystanie powierzchni, bezpiecze\u0144stwo i dost\u0119pno\u015b\u0107. Dzi\u0119ki temu optymalizowana jest integracja zaawansowanych technologii obrazowania medycznego w \u015brodowiskach opieki zdrowotnej.<\/p>\n<p>Innowacyjny projekt, rozw\u00f3j, instalacja i obs\u0142uga klatek RF:<br \/>\nCharakterystycznym elementem projekt\u00f3w \u201epod klucz\u201d realizowanych przez Emico Medika jest projektowanie, rozw\u00f3j, instalacja i obs\u0142uga klatek RF. Te kluczowe komponenty chroni\u0105 systemy MRI i CT przed zak\u0142\u00f3ceniami elektromagnetycznymi, zapewniaj\u0105c dok\u0142adno\u015b\u0107 i klarowno\u015b\u0107 obrazowania diagnostycznego.<\/p>\n<p>Zgodno\u015b\u0107 z normami regulacyjnymi:<br \/>\nEmico Medika k\u0142adzie du\u017cy nacisk na zgodno\u015b\u0107 z normami regulacyjnymi, zapewniaj\u0105c, \u017ce ich projekty \u201epod klucz\u201d spe\u0142niaj\u0105 wymogi bran\u017cowe i standardy jako\u015bci.<\/p>\n<p>Indywidualne rozwi\u0105zania dostosowane do r\u00f3\u017cnych potrzeb:<br \/>\nRozumiej\u0105c r\u00f3\u017cnorodne potrzeby klient\u00f3w, Emico Medika dostosowuje swoje rozwi\u0105zania \u201epod klucz\u201d dla projekt\u00f3w MRI i CT, dostosowuj\u0105c us\u0142ugi do unikalnych wymaga\u0144 ka\u017cdego klienta.<\/p>\n<p>Doskona\u0142o\u015b\u0107 Emico Medika w realizacji projekt\u00f3w \u201epod klucz\u201d dla MRI i CT czyni ich zaufanym partnerem w rozwijaniu mo\u017cliwo\u015bci obrazowania medycznego. Poprzez p\u0142ynn\u0105 integracj\u0119 inspekcji, konserwacji, instalacji oraz innowacyjnego projektu klatek RF, Emico Medika zapewnia plac\u00f3wkom medycznym niezawodn\u0105, nowoczesn\u0105 infrastruktur\u0119 do precyzyjnej i zaawansowanej diagnostyki.<\/p>","protected":false},"excerpt":{"rendered":"<p>Emico Medika to pionierska firma w dziedzinie obrazowania medycznego, oferuj\u0105ca kompleksowe rozwi\u0105zania \u201epod klucz\u201d dla projekt\u00f3w rezonansu magnetycznego (MRI) i tomografii komputerowej (CT). Ich holistyczne podej\u015bcie obejmuje dok\u0142adn\u0105 inspekcj\u0119, planowanie, instalacj\u0119, konserwacj\u0119 i innowacyjne elementy projektowe, co czyni ich liderem w tej bran\u017cy. Dok\u0142adna inspekcja sprz\u0119tu medycznego: Emico Medika rozpoczyna swoje projekty \u201epod klucz\u201d od &hellip; <a href=\"https:\/\/emicomedika.com\/pl\/services\/mri-turnkey-solutions\/\" class=\"more-link\">Continue reading <span class=\"screen-reader-text\">MRI projekty &#8222;pod klucz&#8221; mri<\/span><\/a><\/p>\n","protected":false},"author":1,"featured_media":60,"parent":5,"menu_order":3,"comment_status":"closed","ping_status":"closed","template":"paslaugos.php","meta":{"ngg_post_thumbnail":0},"yoast_head":"<!-- This site is optimized with the Yoast SEO plugin v20.10 - https:\/\/yoast.com\/wordpress\/plugins\/seo\/ -->\n<title>MRI projekty &quot;pod klucz&quot; mri | EMICO Medika | Imaging Equipment Service<\/title>\n<meta name=\"robots\" content=\"index, follow, max-snippet:-1, max-image-preview:large, max-video-preview:-1\" \/>\n<link rel=\"canonical\" href=\"https:\/\/emicomedika.com\/services\/mri-turnkey-solutions\/\" \/>\n<meta property=\"og:locale\" content=\"pl_PL\" \/>\n<meta property=\"og:type\" content=\"article\" \/>\n<meta property=\"og:title\" content=\"MRI projekty &quot;pod klucz&quot; mri | EMICO Medika | Imaging Equipment Service\" \/>\n<meta property=\"og:description\" content=\"Emico Medika to pionierska firma w dziedzinie obrazowania medycznego, oferuj\u0105ca kompleksowe rozwi\u0105zania \u201epod klucz\u201d dla projekt\u00f3w rezonansu magnetycznego (MRI) i tomografii komputerowej (CT). Ich holistyczne podej\u015bcie obejmuje dok\u0142adn\u0105 inspekcj\u0119, planowanie, instalacj\u0119, konserwacj\u0119 i innowacyjne elementy projektowe, co czyni ich liderem w tej bran\u017cy. Dok\u0142adna inspekcja sprz\u0119tu medycznego: Emico Medika rozpoczyna swoje projekty \u201epod klucz\u201d od &hellip; Continue reading MRI projekty &#8222;pod klucz&#8221; mri\" \/>\n<meta property=\"og:url\" content=\"https:\/\/emicomedika.com\/services\/mri-turnkey-solutions\/\" \/>\n<meta property=\"og:site_name\" content=\"EMICO Medika | Imaging Equipment Service\" \/>\n<meta property=\"article:publisher\" content=\"https:\/\/www.facebook.com\/emicomedika\/\" \/>\n<meta property=\"article:modified_time\" content=\"2025-04-11T10:32:41+00:00\" \/>\n<meta property=\"og:image\" content=\"https:\/\/emicomedika.com\/wp-content\/uploads\/2015\/08\/turnkey.png\" \/>\n\t<meta property=\"og:image:width\" content=\"461\" \/>\n\t<meta property=\"og:image:height\" content=\"170\" \/>\n\t<meta property=\"og:image:type\" content=\"image\/png\" \/>\n<meta name=\"twitter:card\" content=\"summary_large_image\" \/>\n<meta name=\"twitter:label1\" content=\"Szacowany czas czytania\" \/>\n\t<meta name=\"twitter:data1\" content=\"8 minut\" \/>\n<script type=\"application\/ld+json\" class=\"yoast-schema-graph\">{\"@context\":\"https:\/\/schema.org\",\"@graph\":[{\"@type\":\"WebPage\",\"@id\":\"https:\/\/emicomedika.com\/services\/mri-turnkey-solutions\/\",\"url\":\"https:\/\/emicomedika.com\/services\/mri-turnkey-solutions\/\",\"name\":\"MRI projekty \\\"pod klucz\\\" mri | EMICO Medika | Imaging Equipment Service\",\"isPartOf\":{\"@id\":\"https:\/\/emicomedika.com\/en\/#website\"},\"datePublished\":\"2015-08-25T12:44:47+00:00\",\"dateModified\":\"2025-04-11T10:32:41+00:00\",\"breadcrumb\":{\"@id\":\"https:\/\/emicomedika.com\/services\/mri-turnkey-solutions\/#breadcrumb\"},\"inLanguage\":\"pl-PL\",\"potentialAction\":[{\"@type\":\"ReadAction\",\"target\":[\"https:\/\/emicomedika.com\/services\/mri-turnkey-solutions\/\"]}]},{\"@type\":\"BreadcrumbList\",\"@id\":\"https:\/\/emicomedika.com\/services\/mri-turnkey-solutions\/#breadcrumb\",\"itemListElement\":[{\"@type\":\"ListItem\",\"position\":1,\"name\":\"Home\",\"item\":\"https:\/\/emicomedika.com\/en\/\"},{\"@type\":\"ListItem\",\"position\":2,\"name\":\"\u041d\u0430\u0448\u0438 \u0443\u0441\u043b\u0443\u0433\u0438\",\"item\":\"https:\/\/emicomedika.com\/services\/\"},{\"@type\":\"ListItem\",\"position\":3,\"name\":\"\u041c\u0420\u0422 \u043f\u0440\u043e\u0435\u043a\u0442\u044b &#171;\u043f\u043e\u0434-\u043a\u043b\u044e\u0447&#187;\"}]},{\"@type\":\"WebSite\",\"@id\":\"https:\/\/emicomedika.com\/en\/#website\",\"url\":\"https:\/\/emicomedika.com\/en\/\",\"name\":\"EmicoMedika\",\"description\":\"Service, sale and repair - MRI, CT, XP\",\"publisher\":{\"@id\":\"https:\/\/emicomedika.com\/en\/#organization\"},\"potentialAction\":[{\"@type\":\"SearchAction\",\"target\":{\"@type\":\"EntryPoint\",\"urlTemplate\":\"https:\/\/emicomedika.com\/en\/?s={search_term_string}\"},\"query-input\":\"required name=search_term_string\"}],\"inLanguage\":\"pl-PL\"},{\"@type\":\"Organization\",\"@id\":\"https:\/\/emicomedika.com\/en\/#organization\",\"name\":\"EmicoMedika\",\"url\":\"https:\/\/emicomedika.com\/en\/\",\"logo\":{\"@type\":\"ImageObject\",\"inLanguage\":\"pl-PL\",\"@id\":\"https:\/\/emicomedika.com\/en\/#\/schema\/logo\/image\/\",\"url\":\"https:\/\/emicomedika.com\/wp-content\/uploads\/2015\/08\/Logo_EM_2784_1320.png\",\"contentUrl\":\"https:\/\/emicomedika.com\/wp-content\/uploads\/2015\/08\/Logo_EM_2784_1320.png\",\"width\":2784,\"height\":1320,\"caption\":\"EmicoMedika\"},\"image\":{\"@id\":\"https:\/\/emicomedika.com\/en\/#\/schema\/logo\/image\/\"},\"sameAs\":[\"https:\/\/www.facebook.com\/emicomedika\/\"]}]}<\/script>\n<!-- \/ Yoast SEO plugin. -->","yoast_head_json":{"title":"MRI projekty \"pod klucz\" mri | EMICO Medika | Imaging Equipment Service","robots":{"index":"index","follow":"follow","max-snippet":"max-snippet:-1","max-image-preview":"max-image-preview:large","max-video-preview":"max-video-preview:-1"},"canonical":"https:\/\/emicomedika.com\/services\/mri-turnkey-solutions\/","og_locale":"pl_PL","og_type":"article","og_title":"MRI projekty \"pod klucz\" mri | EMICO Medika | Imaging Equipment Service","og_description":"Emico Medika to pionierska firma w dziedzinie obrazowania medycznego, oferuj\u0105ca kompleksowe rozwi\u0105zania \u201epod klucz\u201d dla projekt\u00f3w rezonansu magnetycznego (MRI) i tomografii komputerowej (CT). Ich holistyczne podej\u015bcie obejmuje dok\u0142adn\u0105 inspekcj\u0119, planowanie, instalacj\u0119, konserwacj\u0119 i innowacyjne elementy projektowe, co czyni ich liderem w tej bran\u017cy. Dok\u0142adna inspekcja sprz\u0119tu medycznego: Emico Medika rozpoczyna swoje projekty \u201epod klucz\u201d od &hellip; Continue reading MRI projekty &#8222;pod klucz&#8221; mri","og_url":"https:\/\/emicomedika.com\/services\/mri-turnkey-solutions\/","og_site_name":"EMICO Medika | Imaging Equipment Service","article_publisher":"https:\/\/www.facebook.com\/emicomedika\/","article_modified_time":"2025-04-11T10:32:41+00:00","og_image":[{"width":461,"height":170,"url":"https:\/\/emicomedika.com\/wp-content\/uploads\/2015\/08\/turnkey.png","type":"image\/png"}],"twitter_card":"summary_large_image","twitter_misc":{"Szacowany czas czytania":"8 minut"},"schema":{"@context":"https:\/\/schema.org","@graph":[{"@type":"WebPage","@id":"https:\/\/emicomedika.com\/services\/mri-turnkey-solutions\/","url":"https:\/\/emicomedika.com\/services\/mri-turnkey-solutions\/","name":"MRI projekty \"pod klucz\" mri | EMICO Medika | Imaging Equipment Service","isPartOf":{"@id":"https:\/\/emicomedika.com\/en\/#website"},"datePublished":"2015-08-25T12:44:47+00:00","dateModified":"2025-04-11T10:32:41+00:00","breadcrumb":{"@id":"https:\/\/emicomedika.com\/services\/mri-turnkey-solutions\/#breadcrumb"},"inLanguage":"pl-PL","potentialAction":[{"@type":"ReadAction","target":["https:\/\/emicomedika.com\/services\/mri-turnkey-solutions\/"]}]},{"@type":"BreadcrumbList","@id":"https:\/\/emicomedika.com\/services\/mri-turnkey-solutions\/#breadcrumb","itemListElement":[{"@type":"ListItem","position":1,"name":"Home","item":"https:\/\/emicomedika.com\/en\/"},{"@type":"ListItem","position":2,"name":"\u041d\u0430\u0448\u0438 \u0443\u0441\u043b\u0443\u0433\u0438","item":"https:\/\/emicomedika.com\/services\/"},{"@type":"ListItem","position":3,"name":"\u041c\u0420\u0422 \u043f\u0440\u043e\u0435\u043a\u0442\u044b &#171;\u043f\u043e\u0434-\u043a\u043b\u044e\u0447&#187;"}]},{"@type":"WebSite","@id":"https:\/\/emicomedika.com\/en\/#website","url":"https:\/\/emicomedika.com\/en\/","name":"EmicoMedika","description":"Service, sale and repair - MRI, CT, XP","publisher":{"@id":"https:\/\/emicomedika.com\/en\/#organization"},"potentialAction":[{"@type":"SearchAction","target":{"@type":"EntryPoint","urlTemplate":"https:\/\/emicomedika.com\/en\/?s={search_term_string}"},"query-input":"required name=search_term_string"}],"inLanguage":"pl-PL"},{"@type":"Organization","@id":"https:\/\/emicomedika.com\/en\/#organization","name":"EmicoMedika","url":"https:\/\/emicomedika.com\/en\/","logo":{"@type":"ImageObject","inLanguage":"pl-PL","@id":"https:\/\/emicomedika.com\/en\/#\/schema\/logo\/image\/","url":"https:\/\/emicomedika.com\/wp-content\/uploads\/2015\/08\/Logo_EM_2784_1320.png","contentUrl":"https:\/\/emicomedika.com\/wp-content\/uploads\/2015\/08\/Logo_EM_2784_1320.png","width":2784,"height":1320,"caption":"EmicoMedika"},"image":{"@id":"https:\/\/emicomedika.com\/en\/#\/schema\/logo\/image\/"},"sameAs":["https:\/\/www.facebook.com\/emicomedika\/"]}]}},"_links":{"self":[{"href":"https:\/\/emicomedika.com\/pl\/wp-json\/wp\/v2\/pages\/47"}],"collection":[{"href":"https:\/\/emicomedika.com\/pl\/wp-json\/wp\/v2\/pages"}],"about":[{"href":"https:\/\/emicomedika.com\/pl\/wp-json\/wp\/v2\/types\/page"}],"author":[{"embeddable":true,"href":"https:\/\/emicomedika.com\/pl\/wp-json\/wp\/v2\/users\/1"}],"replies":[{"embeddable":true,"href":"https:\/\/emicomedika.com\/pl\/wp-json\/wp\/v2\/comments?post=47"}],"version-history":[{"count":14,"href":"https:\/\/emicomedika.com\/pl\/wp-json\/wp\/v2\/pages\/47\/revisions"}],"predecessor-version":[{"id":1929,"href":"https:\/\/emicomedika.com\/pl\/wp-json\/wp\/v2\/pages\/47\/revisions\/1929"}],"up":[{"embeddable":true,"href":"https:\/\/emicomedika.com\/pl\/wp-json\/wp\/v2\/pages\/5"}],"wp:featuredmedia":[{"embeddable":true,"href":"https:\/\/emicomedika.com\/pl\/wp-json\/wp\/v2\/media\/60"}],"wp:attachment":[{"href":"https:\/\/emicomedika.com\/pl\/wp-json\/wp\/v2\/media?parent=47"}],"curies":[{"name":"wp","href":"https:\/\/api.w.org\/{rel}","templated":true}]}}