{"id":9,"date":"2015-08-21T16:24:35","date_gmt":"2015-08-21T13:24:35","guid":{"rendered":"http:\/\/emicomedika.com\/?page_id=9"},"modified":"2024-03-22T17:19:51","modified_gmt":"2024-03-22T14:19:51","slug":"about-emico","status":"publish","type":"page","link":"https:\/\/emicomedika.com\/pl\/about-emico\/","title":{"rendered":"O NAS"},"content":{"rendered":"<p>Emico Medika to innowacyjna firma us\u0142ugowa specjalizuj\u0105ca si\u0119 w kompleksowej obs\u0142udze i wsparciu technicznym dla skaner\u00f3w rezonansu magnetycznego i tomograf\u00f3w komputerowych. Za\u0142o\u017cona w 2015 roku, Emico Medika szybko zdoby\u0142a zaufanie klient\u00f3w dzi\u0119ki profesjonalizmowi i dba\u0142o\u015bci o szczeg\u00f3\u0142y.<\/p>\n<p>G\u0142\u00f3wne kierunki dzia\u0142ania Emico Medika \u2013 CryoMobile (zapewnia transport zimnych magnes\u00f3w MRI z zerowym odparowaniem), prace kriogeniczne MRI w pe\u0142nym cyklu (odladzanie magnes\u00f3w, wymiana i naprawa g\u0142owicy zimnej, adsorbera, przewod\u00f3w spr\u0119\u017carki i helu, wype\u0142nienia helem itp.) , projekty MRI i CT pod klucz, projektowanie i rozw\u00f3j klatek RF, magazyn cz\u0119\u015bci i komponent\u00f3w MRI\/CT, specjalny sprz\u0119t do odladzania, oprogramowanie dla magazyn\u00f3w MRI. Emico Medika \u015bwiadczy szeroki zakres us\u0142ug, od regularnej konserwacji technicznej po naprawy awaryjne. <\/p>\n<p>Ka\u017cdy klient mo\u017ce liczy\u0107 na szybk\u0105 odpowied\u017a i profesjonalne rozwi\u0105zanie wszelkich problem\u00f3w z urz\u0105dzeniem. <\/p>\n<p>Firma aktywnie wdra\u017ca systemy monitorowania i diagnostyki w celu zapobiegania awariom przed ich wyst\u0105pieniem, zwi\u0119kszaj\u0105c efektywno\u015b\u0107 instytucji medycznych i zapewniaj\u0105c ci\u0105g\u0142o\u015b\u0107 procedur diagnostycznych. Dzi\u0119ki odpowiedzialno\u015bci, innowacyjnemu podej\u015bciu i my\u015bleniu poza schematami Emico Medika sta\u0142a si\u0119 poszukiwanym partnerem dla instytucji medycznych, przyczyniaj\u0105c si\u0119 do rozwoju dziedziny diagnostyki na ca\u0142ym \u015bwiecie.<\/p>","protected":false},"excerpt":{"rendered":"<p>Emico Medika to innowacyjna firma us\u0142ugowa specjalizuj\u0105ca si\u0119 w kompleksowej obs\u0142udze i wsparciu technicznym dla skaner\u00f3w rezonansu magnetycznego i tomograf\u00f3w komputerowych. Za\u0142o\u017cona w 2015 roku, Emico Medika szybko zdoby\u0142a zaufanie klient\u00f3w dzi\u0119ki profesjonalizmowi i dba\u0142o\u015bci o szczeg\u00f3\u0142y. G\u0142\u00f3wne kierunki dzia\u0142ania Emico Medika \u2013 CryoMobile (zapewnia transport zimnych magnes\u00f3w MRI z zerowym odparowaniem), prace kriogeniczne MRI &hellip; <a href=\"https:\/\/emicomedika.com\/pl\/about-emico\/\" class=\"more-link\">Continue reading <span class=\"screen-reader-text\">O NAS<\/span><\/a><\/p>\n","protected":false},"author":1,"featured_media":0,"parent":0,"menu_order":0,"comment_status":"closed","ping_status":"closed","template":"","meta":{"ngg_post_thumbnail":0},"yoast_head":"<!-- This site is optimized with the Yoast SEO plugin v20.10 - https:\/\/yoast.com\/wordpress\/plugins\/seo\/ -->\n<title>O NAS | EMICO Medika | Imaging Equipment Service<\/title>\n<meta name=\"robots\" content=\"index, follow, max-snippet:-1, max-image-preview:large, max-video-preview:-1\" \/>\n<link rel=\"canonical\" href=\"https:\/\/emicomedika.com\/en\/about-emico\/\" \/>\n<meta property=\"og:locale\" content=\"pl_PL\" \/>\n<meta property=\"og:type\" content=\"article\" \/>\n<meta property=\"og:title\" content=\"O NAS | EMICO Medika | Imaging Equipment Service\" \/>\n<meta property=\"og:description\" content=\"Emico Medika to innowacyjna firma us\u0142ugowa specjalizuj\u0105ca si\u0119 w kompleksowej obs\u0142udze i wsparciu technicznym dla skaner\u00f3w rezonansu magnetycznego i tomograf\u00f3w komputerowych. Za\u0142o\u017cona w 2015 roku, Emico Medika szybko zdoby\u0142a zaufanie klient\u00f3w dzi\u0119ki profesjonalizmowi i dba\u0142o\u015bci o szczeg\u00f3\u0142y. G\u0142\u00f3wne kierunki dzia\u0142ania Emico Medika \u2013 CryoMobile (zapewnia transport zimnych magnes\u00f3w MRI z zerowym odparowaniem), prace kriogeniczne MRI &hellip; Continue reading O NAS\" \/>\n<meta property=\"og:url\" content=\"https:\/\/emicomedika.com\/en\/about-emico\/\" \/>\n<meta property=\"og:site_name\" content=\"EMICO Medika | Imaging Equipment Service\" \/>\n<meta property=\"article:publisher\" content=\"https:\/\/www.facebook.com\/emicomedika\/\" \/>\n<meta property=\"article:modified_time\" content=\"2024-03-22T14:19:51+00:00\" \/>\n<meta name=\"twitter:card\" content=\"summary_large_image\" \/>\n<meta name=\"twitter:label1\" content=\"Szacowany czas czytania\" \/>\n\t<meta name=\"twitter:data1\" content=\"5 minut\" \/>\n<script type=\"application\/ld+json\" class=\"yoast-schema-graph\">{\"@context\":\"https:\/\/schema.org\",\"@graph\":[{\"@type\":\"WebPage\",\"@id\":\"https:\/\/emicomedika.com\/en\/about-emico\/\",\"url\":\"https:\/\/emicomedika.com\/en\/about-emico\/\",\"name\":\"O NAS | EMICO Medika | Imaging Equipment Service\",\"isPartOf\":{\"@id\":\"https:\/\/emicomedika.com\/en\/#website\"},\"datePublished\":\"2015-08-21T13:24:35+00:00\",\"dateModified\":\"2024-03-22T14:19:51+00:00\",\"breadcrumb\":{\"@id\":\"https:\/\/emicomedika.com\/en\/about-emico\/#breadcrumb\"},\"inLanguage\":\"pl-PL\",\"potentialAction\":[{\"@type\":\"ReadAction\",\"target\":[\"https:\/\/emicomedika.com\/en\/about-emico\/\"]}]},{\"@type\":\"BreadcrumbList\",\"@id\":\"https:\/\/emicomedika.com\/en\/about-emico\/#breadcrumb\",\"itemListElement\":[{\"@type\":\"ListItem\",\"position\":1,\"name\":\"Home\",\"item\":\"https:\/\/emicomedika.com\/en\/\"},{\"@type\":\"ListItem\",\"position\":2,\"name\":\"About Emico Medika\"}]},{\"@type\":\"WebSite\",\"@id\":\"https:\/\/emicomedika.com\/en\/#website\",\"url\":\"https:\/\/emicomedika.com\/en\/\",\"name\":\"EmicoMedika\",\"description\":\"Service, sale and repair - MRI, CT, XP\",\"publisher\":{\"@id\":\"https:\/\/emicomedika.com\/en\/#organization\"},\"potentialAction\":[{\"@type\":\"SearchAction\",\"target\":{\"@type\":\"EntryPoint\",\"urlTemplate\":\"https:\/\/emicomedika.com\/en\/?s={search_term_string}\"},\"query-input\":\"required name=search_term_string\"}],\"inLanguage\":\"pl-PL\"},{\"@type\":\"Organization\",\"@id\":\"https:\/\/emicomedika.com\/en\/#organization\",\"name\":\"EmicoMedika\",\"url\":\"https:\/\/emicomedika.com\/en\/\",\"logo\":{\"@type\":\"ImageObject\",\"inLanguage\":\"pl-PL\",\"@id\":\"https:\/\/emicomedika.com\/en\/#\/schema\/logo\/image\/\",\"url\":\"https:\/\/emicomedika.com\/wp-content\/uploads\/2015\/08\/Logo_EM_2784_1320.png\",\"contentUrl\":\"https:\/\/emicomedika.com\/wp-content\/uploads\/2015\/08\/Logo_EM_2784_1320.png\",\"width\":2784,\"height\":1320,\"caption\":\"EmicoMedika\"},\"image\":{\"@id\":\"https:\/\/emicomedika.com\/en\/#\/schema\/logo\/image\/\"},\"sameAs\":[\"https:\/\/www.facebook.com\/emicomedika\/\"]}]}<\/script>\n<!-- \/ Yoast SEO plugin. -->","yoast_head_json":{"title":"O NAS | EMICO Medika | Imaging Equipment Service","robots":{"index":"index","follow":"follow","max-snippet":"max-snippet:-1","max-image-preview":"max-image-preview:large","max-video-preview":"max-video-preview:-1"},"canonical":"https:\/\/emicomedika.com\/en\/about-emico\/","og_locale":"pl_PL","og_type":"article","og_title":"O NAS | EMICO Medika | Imaging Equipment Service","og_description":"Emico Medika to innowacyjna firma us\u0142ugowa specjalizuj\u0105ca si\u0119 w kompleksowej obs\u0142udze i wsparciu technicznym dla skaner\u00f3w rezonansu magnetycznego i tomograf\u00f3w komputerowych. Za\u0142o\u017cona w 2015 roku, Emico Medika szybko zdoby\u0142a zaufanie klient\u00f3w dzi\u0119ki profesjonalizmowi i dba\u0142o\u015bci o szczeg\u00f3\u0142y. G\u0142\u00f3wne kierunki dzia\u0142ania Emico Medika \u2013 CryoMobile (zapewnia transport zimnych magnes\u00f3w MRI z zerowym odparowaniem), prace kriogeniczne MRI &hellip; Continue reading O NAS","og_url":"https:\/\/emicomedika.com\/en\/about-emico\/","og_site_name":"EMICO Medika | Imaging Equipment Service","article_publisher":"https:\/\/www.facebook.com\/emicomedika\/","article_modified_time":"2024-03-22T14:19:51+00:00","twitter_card":"summary_large_image","twitter_misc":{"Szacowany czas czytania":"5 minut"},"schema":{"@context":"https:\/\/schema.org","@graph":[{"@type":"WebPage","@id":"https:\/\/emicomedika.com\/en\/about-emico\/","url":"https:\/\/emicomedika.com\/en\/about-emico\/","name":"O NAS | EMICO Medika | Imaging Equipment Service","isPartOf":{"@id":"https:\/\/emicomedika.com\/en\/#website"},"datePublished":"2015-08-21T13:24:35+00:00","dateModified":"2024-03-22T14:19:51+00:00","breadcrumb":{"@id":"https:\/\/emicomedika.com\/en\/about-emico\/#breadcrumb"},"inLanguage":"pl-PL","potentialAction":[{"@type":"ReadAction","target":["https:\/\/emicomedika.com\/en\/about-emico\/"]}]},{"@type":"BreadcrumbList","@id":"https:\/\/emicomedika.com\/en\/about-emico\/#breadcrumb","itemListElement":[{"@type":"ListItem","position":1,"name":"Home","item":"https:\/\/emicomedika.com\/en\/"},{"@type":"ListItem","position":2,"name":"About Emico Medika"}]},{"@type":"WebSite","@id":"https:\/\/emicomedika.com\/en\/#website","url":"https:\/\/emicomedika.com\/en\/","name":"EmicoMedika","description":"Service, sale and repair - MRI, CT, XP","publisher":{"@id":"https:\/\/emicomedika.com\/en\/#organization"},"potentialAction":[{"@type":"SearchAction","target":{"@type":"EntryPoint","urlTemplate":"https:\/\/emicomedika.com\/en\/?s={search_term_string}"},"query-input":"required name=search_term_string"}],"inLanguage":"pl-PL"},{"@type":"Organization","@id":"https:\/\/emicomedika.com\/en\/#organization","name":"EmicoMedika","url":"https:\/\/emicomedika.com\/en\/","logo":{"@type":"ImageObject","inLanguage":"pl-PL","@id":"https:\/\/emicomedika.com\/en\/#\/schema\/logo\/image\/","url":"https:\/\/emicomedika.com\/wp-content\/uploads\/2015\/08\/Logo_EM_2784_1320.png","contentUrl":"https:\/\/emicomedika.com\/wp-content\/uploads\/2015\/08\/Logo_EM_2784_1320.png","width":2784,"height":1320,"caption":"EmicoMedika"},"image":{"@id":"https:\/\/emicomedika.com\/en\/#\/schema\/logo\/image\/"},"sameAs":["https:\/\/www.facebook.com\/emicomedika\/"]}]}},"_links":{"self":[{"href":"https:\/\/emicomedika.com\/pl\/wp-json\/wp\/v2\/pages\/9"}],"collection":[{"href":"https:\/\/emicomedika.com\/pl\/wp-json\/wp\/v2\/pages"}],"about":[{"href":"https:\/\/emicomedika.com\/pl\/wp-json\/wp\/v2\/types\/page"}],"author":[{"embeddable":true,"href":"https:\/\/emicomedika.com\/pl\/wp-json\/wp\/v2\/users\/1"}],"replies":[{"embeddable":true,"href":"https:\/\/emicomedika.com\/pl\/wp-json\/wp\/v2\/comments?post=9"}],"version-history":[{"count":101,"href":"https:\/\/emicomedika.com\/pl\/wp-json\/wp\/v2\/pages\/9\/revisions"}],"predecessor-version":[{"id":1917,"href":"https:\/\/emicomedika.com\/pl\/wp-json\/wp\/v2\/pages\/9\/revisions\/1917"}],"wp:attachment":[{"href":"https:\/\/emicomedika.com\/pl\/wp-json\/wp\/v2\/media?parent=9"}],"curies":[{"name":"wp","href":"https:\/\/api.w.org\/{rel}","templated":true}]}}